{"id":7355,"date":"2023-06-14T04:24:43","date_gmt":"2023-06-14T04:24:43","guid":{"rendered":"https:\/\/staging.personal.santaferelo.com\/moving-services\/expert-en-demenagement-dedie\/"},"modified":"2025-03-21T12:54:52","modified_gmt":"2025-03-21T12:54:52","slug":"expert-en-demenagement-dedie","status":"publish","type":"page","link":"https:\/\/staging.personal.santaferelo.com\/fr\/services-de-demenagement\/expert-en-demenagement-dedie\/","title":{"rendered":"Votre assistant d\u00e9m\u00e9nagement personnel"},"content":{"rendered":"\t\t<div data-elementor-type=\"wp-page\" data-elementor-id=\"7355\" class=\"elementor elementor-7355 elementor-1206\" data-elementor-post-type=\"page\">\n\t\t\t\t<div class=\"elementor-element elementor-element-34c325c e-con-full e-flex e-con e-parent\" data-id=\"34c325c\" data-element_type=\"container\" data-settings=\"{&quot;background_background&quot;:&quot;classic&quot;}\">\n\t\t<div class=\"elementor-element elementor-element-5f09da0 e-flex e-con-boxed e-con e-child\" data-id=\"5f09da0\" data-element_type=\"container\">\n\t\t\t\t\t<div class=\"e-con-inner\">\n\t\t<div class=\"elementor-element elementor-element-12e0daf e-con-full e-flex e-con e-child\" data-id=\"12e0daf\" data-element_type=\"container\">\n\t\t\t\t<div class=\"elementor-element elementor-element-6137225 elementor-widget elementor-widget-heading\" data-id=\"6137225\" data-element_type=\"widget\" data-widget_type=\"heading.default\">\n\t\t\t\t<div class=\"elementor-widget-container\">\n\t\t\t<h1 class=\"elementor-heading-title elementor-size-default\">Expert en d\u00e9m\u00e9nagement d\u00e9di\u00e9<\/h1>\t\t<\/div>\n\t\t\t\t<\/div>\n\t\t\t\t<\/div>\n\t\t<div class=\"elementor-element elementor-element-b913279 e-flex e-con-boxed e-con e-child\" data-id=\"b913279\" data-element_type=\"container\" data-settings=\"{&quot;background_background&quot;:&quot;classic&quot;}\">\n\t\t\t\t\t<div class=\"e-con-inner\">\n\t\t\t\t\t<\/div>\n\t\t\t\t<\/div>\n\t\t\t\t\t<\/div>\n\t\t\t\t<\/div>\n\t\t\t\t<\/div>\n\t\t<div class=\"elementor-element elementor-element-2255370 e-con-full e-flex e-con e-parent\" data-id=\"2255370\" data-element_type=\"container\" data-settings=\"{&quot;background_background&quot;:&quot;classic&quot;}\">\n\t\t<div class=\"elementor-element elementor-element-038b5c7 e-flex e-con-boxed e-con e-child\" data-id=\"038b5c7\" data-element_type=\"container\">\n\t\t\t\t\t<div class=\"e-con-inner\">\n\t\t<div class=\"elementor-element elementor-element-51a4c0e e-con-full e-flex e-con e-child\" data-id=\"51a4c0e\" data-element_type=\"container\">\n\t\t\t\t<div class=\"elementor-element elementor-element-b12e287 elementor-widget__width-initial elementor-widget elementor-widget-heading\" data-id=\"b12e287\" data-element_type=\"widget\" data-widget_type=\"heading.default\">\n\t\t\t\t<div class=\"elementor-widget-container\">\n\t\t\t<h3 class=\"elementor-heading-title elementor-size-default\">Un expert d\u00e9di\u00e9 pour vous accompagner pendant votre d\u00e9m\u00e9nagement<\/h3>\t\t<\/div>\n\t\t\t\t<\/div>\n\t\t\t\t<div class=\"elementor-element elementor-element-392c94a elementor-widget__width-initial elementor-widget-mobile__width-initial elementor-widget elementor-widget-text-editor\" data-id=\"392c94a\" data-element_type=\"widget\" data-widget_type=\"text-editor.default\">\n\t\t\t\t<div class=\"elementor-widget-container\">\n\t\t\t\t\t\t\t<p>Pour chaque d\u00e9m\u00e9nagement avec Santa Fe, un expert vous sera d\u00e9di\u00e9. Nos coordinateurs en d\u00e9m\u00e9nagement vous accompagnent \u00e0 chaque \u00e9tape du processus, de la visite technique initiale jusqu\u2019\u00e0 la livraison et l\u2019installation dans votre nouveau domicile. Leur r\u00f4le est de s\u2019assurer que nos services de d\u00e9m\u00e9nagement correspondent \u00e0 vos besoins et \u00e0 votre calendrier.<\/p>\n\t\t\t\t\t\t<\/div>\n\t\t\t\t<\/div>\n\t\t\t\t<\/div>\n\t\t<div class=\"elementor-element elementor-element-63aa39d e-flex e-con-boxed e-con e-child\" data-id=\"63aa39d\" data-element_type=\"container\" data-settings=\"{&quot;background_background&quot;:&quot;classic&quot;}\">\n\t\t\t\t\t<div class=\"e-con-inner\">\n\t\t\t\t\t<\/div>\n\t\t\t\t<\/div>\n\t\t\t\t\t<\/div>\n\t\t\t\t<\/div>\n\t\t\t\t<\/div>\n\t\t<div class=\"elementor-element elementor-element-e06e9ba e-con-full e-flex e-con e-parent\" data-id=\"e06e9ba\" data-element_type=\"container\" data-settings=\"{&quot;background_background&quot;:&quot;classic&quot;}\">\n\t\t<div class=\"elementor-element elementor-element-064fb43 e-flex e-con-boxed e-con e-child\" data-id=\"064fb43\" data-element_type=\"container\">\n\t\t\t\t\t<div class=\"e-con-inner\">\n\t\t<div class=\"elementor-element elementor-element-8842a0d e-con-full e-flex e-con e-child\" data-id=\"8842a0d\" data-element_type=\"container\">\n\t\t\t\t<div class=\"elementor-element elementor-element-1b270cd elementor-widget__width-initial elementor-widget elementor-widget-heading\" data-id=\"1b270cd\" data-element_type=\"widget\" data-widget_type=\"heading.default\">\n\t\t\t\t<div class=\"elementor-widget-container\">\n\t\t\t<h3 class=\"elementor-heading-title elementor-size-default\">Un expert d\u00e9di\u00e9 pour plus de s\u00e9r\u00e9nit\u00e9.<\/h3>\t\t<\/div>\n\t\t\t\t<\/div>\n\t\t\t\t<div class=\"elementor-element elementor-element-dc18d67 elementor-widget__width-initial elementor-widget-mobile__width-initial elementor-widget elementor-widget-text-editor\" data-id=\"dc18d67\" data-element_type=\"widget\" data-widget_type=\"text-editor.default\">\n\t\t\t\t<div class=\"elementor-widget-container\">\n\t\t\t\t\t\t\t<p>Tout d\u00e9m\u00e9nagement peut \u00eatre stressant, que ce soit \u00e0 quelques rues ou \u00e0 l\u2019autre bout du monde. La moindre action \u00e0 r\u00e9aliser peut \u00eatre compliqu\u00e9e, et ce avant m\u00eame que les cartons ne commencent \u00e0 s\u2019empiler !<\/p>\n<p>C\u2019est l\u00e0 que votre expert en d\u00e9m\u00e9nagement peut faire la diff\u00e9rence. Son r\u00f4le ne se limite pas \u00e0 l\u2019organisation logistique de l\u2019emballage ; il s\u2019assure \u00e9galement que toutes les \u00e9tapes du d\u00e9m\u00e9nagement s\u2019effectuent en temps et en heure. Il vous accompagne dans toutes les \u00e9tapes du processus. Cela commence par la visite technique qui nous permet d\u2019estimer le volume d\u2019effets \u00e0 emballer, de r\u00e9pondre \u00e0 vos questions et de v\u00e9rifier les sp\u00e9cificit\u00e9s. Puis, l\u2019emballage de vos effets personnels et leur enl\u00e8vement, pour finir par le transport jusqu\u2019au point de livraison souhait\u00e9. Notre acc\u00e8s au tracking peut m\u00eame vous aider \u00e0 v\u00e9rifier o\u00f9 se situent vos effets tout au long de leur transport dans un m\u00eame pays ou \u00e0 travers le monde, jusqu\u2019\u00e0 votre nouveau domicile.<\/p>\n<p>Pour les transports internationaux, il est important de ma\u00eetriser les r\u00e8glementations d\u2019importation et de douane du pays de destination. Votre coordinateur d\u00e9di\u00e9 v\u00e9rifiera pour vous les r\u00e8glementations d\u2019importation et de douane de votre pays de destination en fonction des informations que vous lui aurez communiqu\u00e9es au pr\u00e9alable. Il sera en mesure d\u2019anticiper le d\u00e9douanement ou les contr\u00f4les douaniers qui pourraient s\u2019appliquer \u00e0 votre d\u00e9m\u00e9nagement, pour vous assurer une livraison \u00e0 votre nouveau domicile en toute s\u00e9r\u00e9nit\u00e9.<\/p>\n<p>Des listes de colisage jusqu\u2019aux modes de transport, au d\u00e9douanement ou aux formalit\u00e9s administratives, votre expert g\u00e9rera absolument tout, pour vous lib\u00e9rer du temps et vous apporter de la tranquillit\u00e9.<\/p>\n<p>Quand il s\u2019agit de d\u00e9m\u00e9nager, qu\u2019il s\u2019agisse d\u2019un d\u00e9m\u00e9nagement local ou international, personne n\u2019aime faire les choses seul(e). Avec un coordinateur de d\u00e9m\u00e9nagement d\u00e9di\u00e9 dans votre \u00e9quipe, votre d\u00e9m\u00e9nagement se transforme en une exp\u00e9rience agr\u00e9able.<\/p>\n\t\t\t\t\t\t<\/div>\n\t\t\t\t<\/div>\n\t\t\t\t<\/div>\n\t\t<div class=\"elementor-element elementor-element-bd541cf e-flex e-con-boxed e-con e-child\" data-id=\"bd541cf\" data-element_type=\"container\" data-settings=\"{&quot;background_background&quot;:&quot;classic&quot;}\">\n\t\t\t\t\t<div class=\"e-con-inner\">\n\t\t\t\t\t<\/div>\n\t\t\t\t<\/div>\n\t\t\t\t\t<\/div>\n\t\t\t\t<\/div>\n\t\t\t\t<\/div>\n\t\t<div class=\"elementor-element elementor-element-dd72dd4 e-flex e-con-boxed e-con e-parent\" data-id=\"dd72dd4\" data-element_type=\"container\" data-settings=\"{&quot;background_background&quot;:&quot;classic&quot;}\">\n\t\t\t\t\t<div class=\"e-con-inner\">\n\t\t\t\t<div class=\"elementor-element elementor-element-357fdfe elementor-widget elementor-widget-heading\" data-id=\"357fdfe\" data-element_type=\"widget\" data-widget_type=\"heading.default\">\n\t\t\t\t<div class=\"elementor-widget-container\">\n\t\t\t<h4 class=\"elementor-heading-title elementor-size-default\">Speak with our Relocation Experts today<\/h4>\t\t<\/div>\n\t\t\t\t<\/div>\n\t\t\t\t<div class=\"elementor-element elementor-element-8e6c747 elementor-widget elementor-widget-text-editor\" data-id=\"8e6c747\" data-element_type=\"widget\" data-widget_type=\"text-editor.default\">\n\t\t\t\t<div class=\"elementor-widget-container\">\n\t\t\t\t\t\t\t<p>We have dedicated teams across the globe who are ready to get you moving.<\/p>\n<p>Head over to our <a href=\"https:\/\/staging.personal.santaferelo.com\/contact-us\">office pages<\/a> for all the contact details or email us and we can direct your query to the right team!<\/p>\n\t\t\t\t\t\t<\/div>\n\t\t\t\t<\/div>\n\t\t\t\t<div class=\"elementor-element elementor-element-c17ddbd elementor-mobile-align-center elementor-align-center elementor-widget elementor-widget-button\" data-id=\"c17ddbd\" data-element_type=\"widget\" data-widget_type=\"button.default\">\n\t\t\t\t<div class=\"elementor-widget-container\">\n\t\t\t\t\t\t\t<div class=\"elementor-button-wrapper\">\n\t\t\t\t\t<a class=\"elementor-button elementor-button-link elementor-size-sm\" href=\"mailto:ConsumerContact@santaferelo.com\">\n\t\t\t\t\t\t<span class=\"elementor-button-content-wrapper\">\n\t\t\t\t\t\t\t\t\t<span class=\"elementor-button-text\">Email Us<\/span>\n\t\t\t\t\t<\/span>\n\t\t\t\t\t<\/a>\n\t\t\t\t<\/div>\n\t\t\t\t\t\t<\/div>\n\t\t\t\t<\/div>\n\t\t\t\t\t<\/div>\n\t\t\t\t<\/div>\n\t\t\t\t<\/div>\n\t\t","protected":false},"excerpt":{"rendered":"<p>Expert en d\u00e9m\u00e9nagement d\u00e9di\u00e9 Un expert d\u00e9di\u00e9 pour vous accompagner pendant votre d\u00e9m\u00e9nagement Pour chaque d\u00e9m\u00e9nagement avec Santa Fe, un expert vous sera d\u00e9di\u00e9. Nos coordinateurs en d\u00e9m\u00e9nagement vous accompagnent \u00e0 chaque \u00e9tape du processus, de la visite technique initiale jusqu\u2019\u00e0 la livraison et l\u2019installation dans votre nouveau domicile. Leur r\u00f4le est de s\u2019assurer que [&hellip;]<\/p>\n","protected":false},"author":9,"featured_media":0,"parent":7354,"menu_order":0,"comment_status":"closed","ping_status":"closed","template":"","meta":{"_acf_changed":false,"footnotes":""},"class_list":["post-7355","page","type-page","status-publish","hentry"],"acf":[],"yoast_head":"<!-- This site is optimized with the Yoast SEO Premium plugin v22.8 (Yoast SEO v23.7) - https:\/\/yoast.com\/wordpress\/plugins\/seo\/ -->\n<title>Votre assistant d\u00e9m\u00e9nagement personnel | Santa Fe Relocation<\/title>\n<meta name=\"description\" content=\"Tout d\u00e9m\u00e9nagement avec Sanelo comprend un expert qui vous accompagne personnellement et qui sera \u00e0 vos c\u00f4t\u00e9s dans votre installation \u00e0 votre nouveau domicile.\" \/>\n<meta name=\"robots\" content=\"noindex, follow, max-snippet:-1, max-image-preview:large, max-video-preview:-1\" \/>\n<meta property=\"og:locale\" content=\"fr_FR\" \/>\n<meta property=\"og:type\" content=\"article\" \/>\n<meta property=\"og:title\" content=\"Votre assistant d\u00e9m\u00e9nagement personnel\" \/>\n<meta property=\"og:description\" content=\"Tout d\u00e9m\u00e9nagement avec Sanelo comprend un expert qui vous accompagne personnellement et qui sera \u00e0 vos c\u00f4t\u00e9s dans votre installation \u00e0 votre nouveau domicile.\" \/>\n<meta property=\"og:url\" content=\"https:\/\/staging.personal.santaferelo.com\/moving-services\/dedicated-relocation-expert\/\" \/>\n<meta property=\"og:site_name\" content=\"Santa Fe Relocation\" \/>\n<meta property=\"article:modified_time\" content=\"2025-03-21T12:54:52+00:00\" \/>\n<meta name=\"twitter:card\" content=\"summary_large_image\" \/>\n<meta name=\"twitter:label1\" content=\"Dur\u00e9e de lecture estim\u00e9e\" \/>\n\t<meta name=\"twitter:data1\" content=\"2 minutes\" \/>\n<script type=\"application\/ld+json\" class=\"yoast-schema-graph\">{\"@context\":\"https:\/\/schema.org\",\"@graph\":[{\"@type\":\"WebPage\",\"@id\":\"https:\/\/staging.personal.santaferelo.com\/moving-services\/dedicated-relocation-expert\/\",\"url\":\"https:\/\/staging.personal.santaferelo.com\/moving-services\/dedicated-relocation-expert\/\",\"name\":\"Votre assistant d\u00e9m\u00e9nagement personnel | Santa Fe Relocation\",\"isPartOf\":{\"@id\":\"https:\/\/staging.personal.santaferelo.com\/#website\"},\"datePublished\":\"2023-06-14T04:24:43+00:00\",\"dateModified\":\"2025-03-21T12:54:52+00:00\",\"description\":\"Tout d\u00e9m\u00e9nagement avec Sanelo comprend un expert qui vous accompagne personnellement et qui sera \u00e0 vos c\u00f4t\u00e9s dans votre installation \u00e0 votre nouveau domicile.\",\"breadcrumb\":{\"@id\":\"https:\/\/staging.personal.santaferelo.com\/moving-services\/dedicated-relocation-expert\/#breadcrumb\"},\"inLanguage\":\"fr-FR\",\"potentialAction\":[{\"@type\":\"ReadAction\",\"target\":[\"https:\/\/staging.personal.santaferelo.com\/moving-services\/dedicated-relocation-expert\/\"]}]},{\"@type\":\"BreadcrumbList\",\"@id\":\"https:\/\/staging.personal.santaferelo.com\/moving-services\/dedicated-relocation-expert\/#breadcrumb\",\"itemListElement\":[{\"@type\":\"ListItem\",\"position\":1,\"name\":\"Home\",\"item\":\"https:\/\/staging.personal.santaferelo.com\/\"},{\"@type\":\"ListItem\",\"position\":2,\"name\":\"Services de d\u00e9m\u00e9nagement\",\"item\":\"https:\/\/staging.personal.santaferelo.com\/fr\/services-de-demenagement\/\"},{\"@type\":\"ListItem\",\"position\":3,\"name\":\"Votre assistant d\u00e9m\u00e9nagement personnel\"}]},{\"@type\":\"WebSite\",\"@id\":\"https:\/\/staging.personal.santaferelo.com\/#website\",\"url\":\"https:\/\/staging.personal.santaferelo.com\/\",\"name\":\"Santa Fe Relocation\",\"description\":\"International and Local Moving\",\"publisher\":{\"@id\":\"https:\/\/staging.personal.santaferelo.com\/#organization\"},\"potentialAction\":[{\"@type\":\"SearchAction\",\"target\":{\"@type\":\"EntryPoint\",\"urlTemplate\":\"https:\/\/staging.personal.santaferelo.com\/?s={search_term_string}\"},\"query-input\":{\"@type\":\"PropertyValueSpecification\",\"valueRequired\":true,\"valueName\":\"search_term_string\"}}],\"inLanguage\":\"fr-FR\"},{\"@type\":\"Organization\",\"@id\":\"https:\/\/staging.personal.santaferelo.com\/#organization\",\"name\":\"Santa Fe Relocation\",\"url\":\"https:\/\/staging.personal.santaferelo.com\/\",\"logo\":{\"@type\":\"ImageObject\",\"inLanguage\":\"fr-FR\",\"@id\":\"https:\/\/staging.personal.santaferelo.com\/#\/schema\/logo\/image\/\",\"url\":\"https:\/\/staging.personal.santaferelo.com\/wp-content\/uploads\/2023\/05\/santalogo.svg?wsr\",\"contentUrl\":\"https:\/\/staging.personal.santaferelo.com\/wp-content\/uploads\/2023\/05\/santalogo.svg?wsr\",\"width\":493,\"height\":289,\"caption\":\"Santa Fe Relocation\"},\"image\":{\"@id\":\"https:\/\/staging.personal.santaferelo.com\/#\/schema\/logo\/image\/\"}}]}<\/script>\n<!-- \/ Yoast SEO Premium plugin. -->","yoast_head_json":{"title":"Votre assistant d\u00e9m\u00e9nagement personnel | Santa Fe Relocation","description":"Tout d\u00e9m\u00e9nagement avec Sanelo comprend un expert qui vous accompagne personnellement et qui sera \u00e0 vos c\u00f4t\u00e9s dans votre installation \u00e0 votre nouveau domicile.","robots":{"index":"noindex","follow":"follow","max-snippet":"max-snippet:-1","max-image-preview":"max-image-preview:large","max-video-preview":"max-video-preview:-1"},"og_locale":"fr_FR","og_type":"article","og_title":"Votre assistant d\u00e9m\u00e9nagement personnel","og_description":"Tout d\u00e9m\u00e9nagement avec Sanelo comprend un expert qui vous accompagne personnellement et qui sera \u00e0 vos c\u00f4t\u00e9s dans votre installation \u00e0 votre nouveau domicile.","og_url":"https:\/\/staging.personal.santaferelo.com\/moving-services\/dedicated-relocation-expert\/","og_site_name":"Santa Fe Relocation","article_modified_time":"2025-03-21T12:54:52+00:00","twitter_card":"summary_large_image","twitter_misc":{"Dur\u00e9e de lecture estim\u00e9e":"2 minutes"},"schema":{"@context":"https:\/\/schema.org","@graph":[{"@type":"WebPage","@id":"https:\/\/staging.personal.santaferelo.com\/moving-services\/dedicated-relocation-expert\/","url":"https:\/\/staging.personal.santaferelo.com\/moving-services\/dedicated-relocation-expert\/","name":"Votre assistant d\u00e9m\u00e9nagement personnel | Santa Fe Relocation","isPartOf":{"@id":"https:\/\/staging.personal.santaferelo.com\/#website"},"datePublished":"2023-06-14T04:24:43+00:00","dateModified":"2025-03-21T12:54:52+00:00","description":"Tout d\u00e9m\u00e9nagement avec Sanelo comprend un expert qui vous accompagne personnellement et qui sera \u00e0 vos c\u00f4t\u00e9s dans votre installation \u00e0 votre nouveau domicile.","breadcrumb":{"@id":"https:\/\/staging.personal.santaferelo.com\/moving-services\/dedicated-relocation-expert\/#breadcrumb"},"inLanguage":"fr-FR","potentialAction":[{"@type":"ReadAction","target":["https:\/\/staging.personal.santaferelo.com\/moving-services\/dedicated-relocation-expert\/"]}]},{"@type":"BreadcrumbList","@id":"https:\/\/staging.personal.santaferelo.com\/moving-services\/dedicated-relocation-expert\/#breadcrumb","itemListElement":[{"@type":"ListItem","position":1,"name":"Home","item":"https:\/\/staging.personal.santaferelo.com\/"},{"@type":"ListItem","position":2,"name":"Services de d\u00e9m\u00e9nagement","item":"https:\/\/staging.personal.santaferelo.com\/fr\/services-de-demenagement\/"},{"@type":"ListItem","position":3,"name":"Votre assistant d\u00e9m\u00e9nagement personnel"}]},{"@type":"WebSite","@id":"https:\/\/staging.personal.santaferelo.com\/#website","url":"https:\/\/staging.personal.santaferelo.com\/","name":"Santa Fe Relocation","description":"International and Local Moving","publisher":{"@id":"https:\/\/staging.personal.santaferelo.com\/#organization"},"potentialAction":[{"@type":"SearchAction","target":{"@type":"EntryPoint","urlTemplate":"https:\/\/staging.personal.santaferelo.com\/?s={search_term_string}"},"query-input":{"@type":"PropertyValueSpecification","valueRequired":true,"valueName":"search_term_string"}}],"inLanguage":"fr-FR"},{"@type":"Organization","@id":"https:\/\/staging.personal.santaferelo.com\/#organization","name":"Santa Fe Relocation","url":"https:\/\/staging.personal.santaferelo.com\/","logo":{"@type":"ImageObject","inLanguage":"fr-FR","@id":"https:\/\/staging.personal.santaferelo.com\/#\/schema\/logo\/image\/","url":"https:\/\/staging.personal.santaferelo.com\/wp-content\/uploads\/2023\/05\/santalogo.svg?wsr","contentUrl":"https:\/\/staging.personal.santaferelo.com\/wp-content\/uploads\/2023\/05\/santalogo.svg?wsr","width":493,"height":289,"caption":"Santa Fe Relocation"},"image":{"@id":"https:\/\/staging.personal.santaferelo.com\/#\/schema\/logo\/image\/"}}]}},"_links":{"self":[{"href":"https:\/\/staging.personal.santaferelo.com\/fr\/wp-json\/wp\/v2\/pages\/7355","targetHints":{"allow":["GET"]}}],"collection":[{"href":"https:\/\/staging.personal.santaferelo.com\/fr\/wp-json\/wp\/v2\/pages"}],"about":[{"href":"https:\/\/staging.personal.santaferelo.com\/fr\/wp-json\/wp\/v2\/types\/page"}],"author":[{"embeddable":true,"href":"https:\/\/staging.personal.santaferelo.com\/fr\/wp-json\/wp\/v2\/users\/9"}],"replies":[{"embeddable":true,"href":"https:\/\/staging.personal.santaferelo.com\/fr\/wp-json\/wp\/v2\/comments?post=7355"}],"version-history":[{"count":8,"href":"https:\/\/staging.personal.santaferelo.com\/fr\/wp-json\/wp\/v2\/pages\/7355\/revisions"}],"predecessor-version":[{"id":15561,"href":"https:\/\/staging.personal.santaferelo.com\/fr\/wp-json\/wp\/v2\/pages\/7355\/revisions\/15561"}],"up":[{"embeddable":true,"href":"https:\/\/staging.personal.santaferelo.com\/fr\/wp-json\/wp\/v2\/pages\/7354"}],"wp:attachment":[{"href":"https:\/\/staging.personal.santaferelo.com\/fr\/wp-json\/wp\/v2\/media?parent=7355"}],"curies":[{"name":"wp","href":"https:\/\/api.w.org\/{rel}","templated":true}]}}