{"id":7357,"date":"2023-06-14T05:35:11","date_gmt":"2023-06-14T05:35:11","guid":{"rendered":"https:\/\/staging.personal.santaferelo.com\/moving-services\/services-demballage\/"},"modified":"2024-08-29T12:20:33","modified_gmt":"2024-08-29T12:20:33","slug":"services-demballage","status":"publish","type":"page","link":"https:\/\/staging.personal.santaferelo.com\/fr\/services-de-demenagement\/services-demballage\/","title":{"rendered":"Services d\u2019emballage"},"content":{"rendered":"\t\t<div data-elementor-type=\"wp-page\" data-elementor-id=\"7357\" class=\"elementor elementor-7357 elementor-1210\" data-elementor-post-type=\"page\">\n\t\t\t\t<div class=\"elementor-element elementor-element-4f8f270 e-con-full e-flex e-con e-parent\" data-id=\"4f8f270\" data-element_type=\"container\" data-settings=\"{&quot;background_background&quot;:&quot;classic&quot;}\">\n\t\t<div class=\"elementor-element elementor-element-5a64a0d e-flex e-con-boxed e-con e-child\" data-id=\"5a64a0d\" data-element_type=\"container\">\n\t\t\t\t\t<div class=\"e-con-inner\">\n\t\t<div class=\"elementor-element elementor-element-eb531df e-con-full e-flex e-con e-child\" data-id=\"eb531df\" data-element_type=\"container\">\n\t\t\t\t<div class=\"elementor-element elementor-element-542037c elementor-widget__width-initial elementor-widget elementor-widget-heading\" data-id=\"542037c\" data-element_type=\"widget\" data-widget_type=\"heading.default\">\n\t\t\t\t<div class=\"elementor-widget-container\">\n\t\t\t<h2 class=\"elementor-heading-title elementor-size-default\">Services d\u2019emballage<\/h2>\t\t<\/div>\n\t\t\t\t<\/div>\n\t\t\t\t<\/div>\n\t\t<div class=\"elementor-element elementor-element-356e571 e-con-full e-flex e-con e-child\" data-id=\"356e571\" data-element_type=\"container\" data-settings=\"{&quot;background_background&quot;:&quot;classic&quot;}\">\n\t\t\t\t<\/div>\n\t\t\t\t\t<\/div>\n\t\t\t\t<\/div>\n\t\t\t\t<\/div>\n\t\t<div class=\"elementor-element elementor-element-c164e66 e-con-full e-flex e-con e-parent\" data-id=\"c164e66\" data-element_type=\"container\" data-settings=\"{&quot;background_background&quot;:&quot;classic&quot;}\">\n\t\t<div class=\"elementor-element elementor-element-9b3ec73 e-flex e-con-boxed e-con e-child\" data-id=\"9b3ec73\" data-element_type=\"container\">\n\t\t\t\t\t<div class=\"e-con-inner\">\n\t\t<div class=\"elementor-element elementor-element-faaa6b4 e-con-full e-flex e-con e-child\" data-id=\"faaa6b4\" data-element_type=\"container\">\n\t\t\t\t<div class=\"elementor-element elementor-element-6617400 elementor-widget__width-initial elementor-widget elementor-widget-heading\" data-id=\"6617400\" data-element_type=\"widget\" data-widget_type=\"heading.default\">\n\t\t\t\t<div class=\"elementor-widget-container\">\n\t\t\t<h3 class=\"elementor-heading-title elementor-size-default\">Notre \u00e9quipe peut vous aider \u00e0 l\u2019emballage pour tout d\u00e9m\u00e9nagement, petit ou grand.<\/h3>\t\t<\/div>\n\t\t\t\t<\/div>\n\t\t\t\t<div class=\"elementor-element elementor-element-e96174e elementor-widget__width-initial elementor-widget-mobile__width-initial elementor-widget elementor-widget-text-editor\" data-id=\"e96174e\" data-element_type=\"widget\" data-widget_type=\"text-editor.default\">\n\t\t\t\t<div class=\"elementor-widget-container\">\n\t\t\t\t\t\t\t<p>L\u2019\u00e9quipe de Santa Fe peut faciliter l\u2019emballage lors de votre d\u00e9m\u00e9nagement. Une fois votre enqu\u00eate pr\u00e9alable effectu\u00e9e, nos empaqueteurs savent exactement quels cartons, quel scotch et quel autre mat\u00e9riel d\u2019emballage apporter \u00e0 votre domicile pour pouvoir tout d\u00e9m\u00e9nager, du sol au plafond\u00a0!<\/p>\n\t\t\t\t\t\t<\/div>\n\t\t\t\t<\/div>\n\t\t\t\t<\/div>\n\t\t<div class=\"elementor-element elementor-element-795c09e e-con-full e-flex e-con e-child\" data-id=\"795c09e\" data-element_type=\"container\" data-settings=\"{&quot;background_background&quot;:&quot;classic&quot;}\">\n\t\t\t\t<\/div>\n\t\t\t\t\t<\/div>\n\t\t\t\t<\/div>\n\t\t\t\t<\/div>\n\t\t<div class=\"elementor-element elementor-element-a193920 e-con-full e-flex e-con e-parent\" data-id=\"a193920\" data-element_type=\"container\" data-settings=\"{&quot;background_background&quot;:&quot;classic&quot;}\">\n\t\t<div class=\"elementor-element elementor-element-67c3363 e-flex e-con-boxed e-con e-child\" data-id=\"67c3363\" data-element_type=\"container\">\n\t\t\t\t\t<div class=\"e-con-inner\">\n\t\t<div class=\"elementor-element elementor-element-6677b14 e-con-full e-flex e-con e-child\" data-id=\"6677b14\" data-element_type=\"container\">\n\t\t\t\t<div class=\"elementor-element elementor-element-2c1fee5 elementor-widget__width-initial elementor-widget elementor-widget-heading\" data-id=\"2c1fee5\" data-element_type=\"widget\" data-widget_type=\"heading.default\">\n\t\t\t\t<div class=\"elementor-widget-container\">\n\t\t\t<h3 class=\"elementor-heading-title elementor-size-default\">L\u2019emballage est important lors des D\u00e9m\u00e9nagements internationaux<\/h3>\t\t<\/div>\n\t\t\t\t<\/div>\n\t\t\t\t<div class=\"elementor-element elementor-element-e967d14 elementor-widget__width-initial elementor-widget-mobile__width-initial elementor-widget elementor-widget-text-editor\" data-id=\"e967d14\" data-element_type=\"widget\" data-widget_type=\"text-editor.default\">\n\t\t\t\t<div class=\"elementor-widget-container\">\n\t\t\t\t\t\t\t<p>Un d\u00e9m\u00e9nagement international n\u2019est pas aussi simple que le chargement de cartons dans un camion de d\u00e9m\u00e9nagement. Chaque objet doit \u00eatre soigneusement inventori\u00e9 et emball\u00e9, afin de ne pas s\u2019abimer au cours des multiples \u00e9tapes de transport, qui peuvent inclure le passage d\u2019une ou plusieurs fronti\u00e8res internationales. Les besoins correspondant au transport international d\u2019un carton de livres diff\u00e8rent de ceux d\u2019un canap\u00e9 ou d\u2019une t\u00e9l\u00e9vision.<\/p>\n<p>Cela signifie que tout ce qui se trouvera dans votre conteneur d\u2019exp\u00e9dition devra \u00eatre contenu dans son propre carton ou emballage, m\u00eame les tables et les chaises !<\/p>\n<p>Gr\u00e2ce \u00e0 la technologie de nos enqu\u00eates vid\u00e9o \u00e0 domicile, nos d\u00e9m\u00e9nageurs exp\u00e9riment\u00e9s arriveront chez vous avec des cartons de toutes formes et tailles, et tout le papier bulle et le papier de soie non acide n\u00e9cessaires&#8230; ainsi que des solutions pour ce qui ne rentre pas dans les cartons.<\/p>\n\t\t\t\t\t\t<\/div>\n\t\t\t\t<\/div>\n\t\t\t\t<\/div>\n\t\t<div class=\"elementor-element elementor-element-3ccf43f e-con-full e-flex e-con e-child\" data-id=\"3ccf43f\" data-element_type=\"container\" data-settings=\"{&quot;background_background&quot;:&quot;classic&quot;}\">\n\t\t\t\t<\/div>\n\t\t\t\t\t<\/div>\n\t\t\t\t<\/div>\n\t\t\t\t<\/div>\n\t\t\t\t<\/div>\n\t\t","protected":false},"excerpt":{"rendered":"<p>Services d\u2019emballage Notre \u00e9quipe peut vous aider \u00e0 l\u2019emballage pour tout d\u00e9m\u00e9nagement, petit ou grand. L\u2019\u00e9quipe de Sanelo peut faciliter l\u2019emballage lors de votre d\u00e9m\u00e9nagement. Une fois votre enqu\u00eate pr\u00e9alable effectu\u00e9e, nos empaqueteurs savent exactement quels cartons, quel scotch et quel autre mat\u00e9riel d\u2019emballage apporter \u00e0 votre domicile pour pouvoir tout d\u00e9m\u00e9nager, du sol au [&hellip;]<\/p>\n","protected":false},"author":9,"featured_media":0,"parent":7354,"menu_order":0,"comment_status":"closed","ping_status":"closed","template":"","meta":{"_acf_changed":false,"footnotes":""},"class_list":["post-7357","page","type-page","status-publish","hentry"],"acf":[],"yoast_head":"<!-- This site is optimized with the Yoast SEO Premium plugin v22.8 (Yoast SEO v23.7) - https:\/\/yoast.com\/wordpress\/plugins\/seo\/ -->\n<title>Services d\u2019emballage | Santa Fe Relocation<\/title>\n<meta name=\"description\" content=\"L\u2019\u00e9quipe de Sanelo offre un service expert en termes d\u2019emballage et l\u2019emballage est important dans un grand d\u00e9m\u00e9nagement ! Embauchez des d\u00e9m\u00e9nageurs qui arrivent avec un plan !\" \/>\n<meta name=\"robots\" content=\"noindex, follow, max-snippet:-1, max-image-preview:large, max-video-preview:-1\" \/>\n<meta property=\"og:locale\" content=\"fr_FR\" \/>\n<meta property=\"og:type\" content=\"article\" \/>\n<meta property=\"og:title\" content=\"Services d\u2019emballage\" \/>\n<meta property=\"og:description\" content=\"L\u2019\u00e9quipe de Sanelo offre un service expert en termes d\u2019emballage et l\u2019emballage est important dans un grand d\u00e9m\u00e9nagement ! Embauchez des d\u00e9m\u00e9nageurs qui arrivent avec un plan !\" \/>\n<meta property=\"og:url\" content=\"https:\/\/staging.personal.santaferelo.com\/moving-services\/packing-services-2\/\" \/>\n<meta property=\"og:site_name\" content=\"Santa Fe Relocation\" \/>\n<meta property=\"article:modified_time\" content=\"2024-08-29T12:20:33+00:00\" \/>\n<meta name=\"twitter:card\" content=\"summary_large_image\" \/>\n<meta name=\"twitter:label1\" content=\"Dur\u00e9e de lecture estim\u00e9e\" \/>\n\t<meta name=\"twitter:data1\" content=\"2 minutes\" \/>\n<script type=\"application\/ld+json\" class=\"yoast-schema-graph\">{\"@context\":\"https:\/\/schema.org\",\"@graph\":[{\"@type\":\"WebPage\",\"@id\":\"https:\/\/staging.personal.santaferelo.com\/moving-services\/packing-services-2\/\",\"url\":\"https:\/\/staging.personal.santaferelo.com\/moving-services\/packing-services-2\/\",\"name\":\"Services d\u2019emballage | Santa Fe Relocation\",\"isPartOf\":{\"@id\":\"https:\/\/staging.personal.santaferelo.com\/#website\"},\"datePublished\":\"2023-06-14T05:35:11+00:00\",\"dateModified\":\"2024-08-29T12:20:33+00:00\",\"description\":\"L\u2019\u00e9quipe de Sanelo offre un service expert en termes d\u2019emballage et l\u2019emballage est important dans un grand d\u00e9m\u00e9nagement ! Embauchez des d\u00e9m\u00e9nageurs qui arrivent avec un plan !\",\"breadcrumb\":{\"@id\":\"https:\/\/staging.personal.santaferelo.com\/moving-services\/packing-services-2\/#breadcrumb\"},\"inLanguage\":\"fr-FR\",\"potentialAction\":[{\"@type\":\"ReadAction\",\"target\":[\"https:\/\/staging.personal.santaferelo.com\/moving-services\/packing-services-2\/\"]}]},{\"@type\":\"BreadcrumbList\",\"@id\":\"https:\/\/staging.personal.santaferelo.com\/moving-services\/packing-services-2\/#breadcrumb\",\"itemListElement\":[{\"@type\":\"ListItem\",\"position\":1,\"name\":\"Home\",\"item\":\"https:\/\/staging.personal.santaferelo.com\/\"},{\"@type\":\"ListItem\",\"position\":2,\"name\":\"Services de d\u00e9m\u00e9nagement\",\"item\":\"https:\/\/staging.personal.santaferelo.com\/fr\/services-de-demenagement\/\"},{\"@type\":\"ListItem\",\"position\":3,\"name\":\"Services d\u2019emballage\"}]},{\"@type\":\"WebSite\",\"@id\":\"https:\/\/staging.personal.santaferelo.com\/#website\",\"url\":\"https:\/\/staging.personal.santaferelo.com\/\",\"name\":\"Santa Fe Relocation\",\"description\":\"International and Local Moving\",\"publisher\":{\"@id\":\"https:\/\/staging.personal.santaferelo.com\/#organization\"},\"potentialAction\":[{\"@type\":\"SearchAction\",\"target\":{\"@type\":\"EntryPoint\",\"urlTemplate\":\"https:\/\/staging.personal.santaferelo.com\/?s={search_term_string}\"},\"query-input\":{\"@type\":\"PropertyValueSpecification\",\"valueRequired\":true,\"valueName\":\"search_term_string\"}}],\"inLanguage\":\"fr-FR\"},{\"@type\":\"Organization\",\"@id\":\"https:\/\/staging.personal.santaferelo.com\/#organization\",\"name\":\"Santa Fe Relocation\",\"url\":\"https:\/\/staging.personal.santaferelo.com\/\",\"logo\":{\"@type\":\"ImageObject\",\"inLanguage\":\"fr-FR\",\"@id\":\"https:\/\/staging.personal.santaferelo.com\/#\/schema\/logo\/image\/\",\"url\":\"https:\/\/staging.personal.santaferelo.com\/wp-content\/uploads\/2023\/05\/santalogo.svg?wsr\",\"contentUrl\":\"https:\/\/staging.personal.santaferelo.com\/wp-content\/uploads\/2023\/05\/santalogo.svg?wsr\",\"width\":493,\"height\":289,\"caption\":\"Santa Fe Relocation\"},\"image\":{\"@id\":\"https:\/\/staging.personal.santaferelo.com\/#\/schema\/logo\/image\/\"}}]}<\/script>\n<!-- \/ Yoast SEO Premium plugin. -->","yoast_head_json":{"title":"Services d\u2019emballage | Santa Fe Relocation","description":"L\u2019\u00e9quipe de Sanelo offre un service expert en termes d\u2019emballage et l\u2019emballage est important dans un grand d\u00e9m\u00e9nagement ! Embauchez des d\u00e9m\u00e9nageurs qui arrivent avec un plan !","robots":{"index":"noindex","follow":"follow","max-snippet":"max-snippet:-1","max-image-preview":"max-image-preview:large","max-video-preview":"max-video-preview:-1"},"og_locale":"fr_FR","og_type":"article","og_title":"Services d\u2019emballage","og_description":"L\u2019\u00e9quipe de Sanelo offre un service expert en termes d\u2019emballage et l\u2019emballage est important dans un grand d\u00e9m\u00e9nagement ! Embauchez des d\u00e9m\u00e9nageurs qui arrivent avec un plan !","og_url":"https:\/\/staging.personal.santaferelo.com\/moving-services\/packing-services-2\/","og_site_name":"Santa Fe Relocation","article_modified_time":"2024-08-29T12:20:33+00:00","twitter_card":"summary_large_image","twitter_misc":{"Dur\u00e9e de lecture estim\u00e9e":"2 minutes"},"schema":{"@context":"https:\/\/schema.org","@graph":[{"@type":"WebPage","@id":"https:\/\/staging.personal.santaferelo.com\/moving-services\/packing-services-2\/","url":"https:\/\/staging.personal.santaferelo.com\/moving-services\/packing-services-2\/","name":"Services d\u2019emballage | Santa Fe Relocation","isPartOf":{"@id":"https:\/\/staging.personal.santaferelo.com\/#website"},"datePublished":"2023-06-14T05:35:11+00:00","dateModified":"2024-08-29T12:20:33+00:00","description":"L\u2019\u00e9quipe de Sanelo offre un service expert en termes d\u2019emballage et l\u2019emballage est important dans un grand d\u00e9m\u00e9nagement ! Embauchez des d\u00e9m\u00e9nageurs qui arrivent avec un plan !","breadcrumb":{"@id":"https:\/\/staging.personal.santaferelo.com\/moving-services\/packing-services-2\/#breadcrumb"},"inLanguage":"fr-FR","potentialAction":[{"@type":"ReadAction","target":["https:\/\/staging.personal.santaferelo.com\/moving-services\/packing-services-2\/"]}]},{"@type":"BreadcrumbList","@id":"https:\/\/staging.personal.santaferelo.com\/moving-services\/packing-services-2\/#breadcrumb","itemListElement":[{"@type":"ListItem","position":1,"name":"Home","item":"https:\/\/staging.personal.santaferelo.com\/"},{"@type":"ListItem","position":2,"name":"Services de d\u00e9m\u00e9nagement","item":"https:\/\/staging.personal.santaferelo.com\/fr\/services-de-demenagement\/"},{"@type":"ListItem","position":3,"name":"Services d\u2019emballage"}]},{"@type":"WebSite","@id":"https:\/\/staging.personal.santaferelo.com\/#website","url":"https:\/\/staging.personal.santaferelo.com\/","name":"Santa Fe Relocation","description":"International and Local Moving","publisher":{"@id":"https:\/\/staging.personal.santaferelo.com\/#organization"},"potentialAction":[{"@type":"SearchAction","target":{"@type":"EntryPoint","urlTemplate":"https:\/\/staging.personal.santaferelo.com\/?s={search_term_string}"},"query-input":{"@type":"PropertyValueSpecification","valueRequired":true,"valueName":"search_term_string"}}],"inLanguage":"fr-FR"},{"@type":"Organization","@id":"https:\/\/staging.personal.santaferelo.com\/#organization","name":"Santa Fe Relocation","url":"https:\/\/staging.personal.santaferelo.com\/","logo":{"@type":"ImageObject","inLanguage":"fr-FR","@id":"https:\/\/staging.personal.santaferelo.com\/#\/schema\/logo\/image\/","url":"https:\/\/staging.personal.santaferelo.com\/wp-content\/uploads\/2023\/05\/santalogo.svg?wsr","contentUrl":"https:\/\/staging.personal.santaferelo.com\/wp-content\/uploads\/2023\/05\/santalogo.svg?wsr","width":493,"height":289,"caption":"Santa Fe Relocation"},"image":{"@id":"https:\/\/staging.personal.santaferelo.com\/#\/schema\/logo\/image\/"}}]}},"_links":{"self":[{"href":"https:\/\/staging.personal.santaferelo.com\/fr\/wp-json\/wp\/v2\/pages\/7357","targetHints":{"allow":["GET"]}}],"collection":[{"href":"https:\/\/staging.personal.santaferelo.com\/fr\/wp-json\/wp\/v2\/pages"}],"about":[{"href":"https:\/\/staging.personal.santaferelo.com\/fr\/wp-json\/wp\/v2\/types\/page"}],"author":[{"embeddable":true,"href":"https:\/\/staging.personal.santaferelo.com\/fr\/wp-json\/wp\/v2\/users\/9"}],"replies":[{"embeddable":true,"href":"https:\/\/staging.personal.santaferelo.com\/fr\/wp-json\/wp\/v2\/comments?post=7357"}],"version-history":[{"count":3,"href":"https:\/\/staging.personal.santaferelo.com\/fr\/wp-json\/wp\/v2\/pages\/7357\/revisions"}],"predecessor-version":[{"id":9787,"href":"https:\/\/staging.personal.santaferelo.com\/fr\/wp-json\/wp\/v2\/pages\/7357\/revisions\/9787"}],"up":[{"embeddable":true,"href":"https:\/\/staging.personal.santaferelo.com\/fr\/wp-json\/wp\/v2\/pages\/7354"}],"wp:attachment":[{"href":"https:\/\/staging.personal.santaferelo.com\/fr\/wp-json\/wp\/v2\/media?parent=7357"}],"curies":[{"name":"wp","href":"https:\/\/api.w.org\/{rel}","templated":true}]}}