{"id":7358,"date":"2023-06-14T05:41:21","date_gmt":"2023-06-14T05:41:21","guid":{"rendered":"https:\/\/staging.personal.santaferelo.com\/moving-services\/demenagement-darticles-menagers\/"},"modified":"2024-08-29T12:25:06","modified_gmt":"2024-08-29T12:25:06","slug":"demenagement-darticles-menagers","status":"publish","type":"page","link":"https:\/\/staging.personal.santaferelo.com\/fr\/services-de-demenagement\/demenagement-darticles-menagers\/","title":{"rendered":"D\u00e9m\u00e9nagement d\u2019articles m\u00e9nagers"},"content":{"rendered":"\t\t<div data-elementor-type=\"wp-page\" data-elementor-id=\"7358\" class=\"elementor elementor-7358 elementor-1211\" data-elementor-post-type=\"page\">\n\t\t\t\t<div class=\"elementor-element elementor-element-aff0462 e-con-full e-flex e-con e-parent\" data-id=\"aff0462\" data-element_type=\"container\" data-settings=\"{&quot;background_background&quot;:&quot;classic&quot;}\">\n\t\t<div class=\"elementor-element elementor-element-ad8ff59 e-flex e-con-boxed e-con e-child\" data-id=\"ad8ff59\" data-element_type=\"container\">\n\t\t\t\t\t<div class=\"e-con-inner\">\n\t\t<div class=\"elementor-element elementor-element-2b9c425 e-con-full e-flex e-con e-child\" data-id=\"2b9c425\" data-element_type=\"container\">\n\t\t\t\t<div class=\"elementor-element elementor-element-9fbcac3 elementor-widget__width-inherit elementor-widget elementor-widget-heading\" data-id=\"9fbcac3\" data-element_type=\"widget\" data-widget_type=\"heading.default\">\n\t\t\t\t<div class=\"elementor-widget-container\">\n\t\t\t<h1 class=\"elementor-heading-title elementor-size-default\">D\u00e9m\u00e9nagement d\u2019articles m\u00e9nagers<\/h1>\t\t<\/div>\n\t\t\t\t<\/div>\n\t\t\t\t<\/div>\n\t\t<div class=\"elementor-element elementor-element-b9241c1 e-con-full e-flex e-con e-child\" data-id=\"b9241c1\" data-element_type=\"container\" data-settings=\"{&quot;background_background&quot;:&quot;classic&quot;}\">\n\t\t\t\t<\/div>\n\t\t\t\t\t<\/div>\n\t\t\t\t<\/div>\n\t\t\t\t<\/div>\n\t\t<div class=\"elementor-element elementor-element-eed44c5 e-con-full e-flex e-con e-parent\" data-id=\"eed44c5\" data-element_type=\"container\" data-settings=\"{&quot;background_background&quot;:&quot;classic&quot;}\">\n\t\t<div class=\"elementor-element elementor-element-4eeb091 e-flex e-con-boxed e-con e-child\" data-id=\"4eeb091\" data-element_type=\"container\">\n\t\t\t\t\t<div class=\"e-con-inner\">\n\t\t<div class=\"elementor-element elementor-element-c237e2c e-con-full e-flex e-con e-child\" data-id=\"c237e2c\" data-element_type=\"container\">\n\t\t\t\t<div class=\"elementor-element elementor-element-e4d832d elementor-widget__width-initial elementor-widget elementor-widget-heading\" data-id=\"e4d832d\" data-element_type=\"widget\" data-widget_type=\"heading.default\">\n\t\t\t\t<div class=\"elementor-widget-container\">\n\t\t\t<h3 class=\"elementor-heading-title elementor-size-default\">Nous sommes experts en d\u00e9m\u00e9nagements d\u2019objets qui font de votre maison votre chez-vous<\/h3>\t\t<\/div>\n\t\t\t\t<\/div>\n\t\t\t\t<div class=\"elementor-element elementor-element-91bf3b6 elementor-widget__width-initial elementor-widget-mobile__width-initial elementor-widget elementor-widget-text-editor\" data-id=\"91bf3b6\" data-element_type=\"widget\" data-widget_type=\"text-editor.default\">\n\t\t\t\t<div class=\"elementor-widget-container\">\n\t\t\t\t\t\t\t<p>Afin que vous puissiez rapidement vous recr\u00e9er votre nid douillet, Santa Fe, entreprise de d\u00e9m\u00e9nagement international, est l\u00e0 pour vous faciliter les choses \u00e0 chaque \u00e9tape. Avec le meilleur mat\u00e9riel de l\u2019industrie et une \u00e9quipe hautement certifi\u00e9e, vous avez l\u2019assurance que toutes vos affaires sont entre de bonnes mains, de l\u2019emballage le jour du d\u00e9m\u00e9nagement \u00e0 la livraison \u00e0 votre nouveau domicile.<\/p>\n\t\t\t\t\t\t<\/div>\n\t\t\t\t<\/div>\n\t\t\t\t<\/div>\n\t\t<div class=\"elementor-element elementor-element-c913397 e-con-full e-flex e-con e-child\" data-id=\"c913397\" data-element_type=\"container\" data-settings=\"{&quot;background_background&quot;:&quot;classic&quot;}\">\n\t\t\t\t<\/div>\n\t\t\t\t\t<\/div>\n\t\t\t\t<\/div>\n\t\t\t\t<\/div>\n\t\t<div class=\"elementor-element elementor-element-0c73d3d e-con-full e-flex e-con e-parent\" data-id=\"0c73d3d\" data-element_type=\"container\" data-settings=\"{&quot;background_background&quot;:&quot;classic&quot;}\">\n\t\t<div class=\"elementor-element elementor-element-cd52ccf e-flex e-con-boxed e-con e-child\" data-id=\"cd52ccf\" data-element_type=\"container\">\n\t\t\t\t\t<div class=\"e-con-inner\">\n\t\t<div class=\"elementor-element elementor-element-ff6b687 e-con-full e-flex e-con e-child\" data-id=\"ff6b687\" data-element_type=\"container\">\n\t\t\t\t<div class=\"elementor-element elementor-element-dcac1bd elementor-widget__width-initial elementor-widget elementor-widget-heading\" data-id=\"dcac1bd\" data-element_type=\"widget\" data-widget_type=\"heading.default\">\n\t\t\t\t<div class=\"elementor-widget-container\">\n\t\t\t<h3 class=\"elementor-heading-title elementor-size-default\">Le service de d\u00e9m\u00e9nagement de Santa Fe est un service porte-\u00e0-porte<\/h3>\t\t<\/div>\n\t\t\t\t<\/div>\n\t\t\t\t<div class=\"elementor-element elementor-element-c56acdc elementor-widget__width-initial elementor-widget-mobile__width-initial elementor-widget elementor-widget-text-editor\" data-id=\"c56acdc\" data-element_type=\"widget\" data-widget_type=\"text-editor.default\">\n\t\t\t\t<div class=\"elementor-widget-container\">\n\t\t\t\t\t\t\t<p>Lors de votre d\u00e9m\u00e9nagement avec Santa Fe, un coordinateur de d\u00e9m\u00e9nagement d\u00e9di\u00e9 vous expliquera chaque \u00e9tape du transport de vos affaires. Cela commencera par une enqu\u00eate concernant toutes vos affaires, afin que les d\u00e9m\u00e9nageurs aient les bonne solutions de d\u00e9m\u00e9nagement pour vos articles domestiques.<\/p>\n<p>Notre \u00e9quipe de d\u00e9m\u00e9nagement prim\u00e9e emballera soigneusement vos affaires, en ayant \u00e0 l\u2019esprit la rigueur associ\u00e9e au voyage. Nous traitons chaque objet avec le respect qu\u2019il m\u00e9rite. Un objet tel qu\u2019un miroir ou un canap\u00e9 ne se charge pas dans un conteneur d\u2019exp\u00e9dition de la m\u00eame mani\u00e8re que dans un camion de d\u00e9m\u00e9nagement. Chaque objet sera mis en carton, emball\u00e9, voire m\u00eame mis en caisse afin d&rsquo;\u00eatre en s\u00fbret\u00e9 dans votre conteneur d\u2019exp\u00e9dition, peu importe ce qui se passe \u00e0 l\u2019ext\u00e9rieur.<\/p>\n<p>Une fois toutes vos affaires soigneusement emball\u00e9es, votre coordinateur de d\u00e9m\u00e9nagement d\u00e9di\u00e9 vous fournira un num\u00e9ro de suivi pour que vous puissiez v\u00e9rifier la progression de vos affaires \u00e0 tout moment, de jour comme de nuit, qu\u2019elles voyagent par voie terrestre, maritime ou a\u00e9rienne.<\/p>\n<p>Enfin, tout devra \u00eatre soigneusement d\u00e9ball\u00e9 et tout le mat\u00e9riel d\u2019emballage sera repris par votre \u00e9quipe de d\u00e9m\u00e9nagement. Cela peut sembler \u00eatre un d\u00e9tail, mais vous en d\u00e9barrasser alors que vous \u00eates dans un nouvel endroit, o\u00f9 vous ne connaissez pas les services de mise au rebut et de recyclage, peut \u00eatre tr\u00e8s pr\u00e9cieux lors de votre installation !<\/p>\n<p>Changer de lieu de vie peut \u00eatre stressant, mais le d\u00e9m\u00e9nagement de vos articles domestiques ne doit pas l&rsquo;\u00eatre.<\/p>\n\t\t\t\t\t\t<\/div>\n\t\t\t\t<\/div>\n\t\t\t\t<\/div>\n\t\t<div class=\"elementor-element elementor-element-0ddfba2 e-con-full e-flex e-con e-child\" data-id=\"0ddfba2\" data-element_type=\"container\" data-settings=\"{&quot;background_background&quot;:&quot;classic&quot;}\">\n\t\t\t\t<\/div>\n\t\t\t\t\t<\/div>\n\t\t\t\t<\/div>\n\t\t\t\t<\/div>\n\t\t\t\t<\/div>\n\t\t","protected":false},"excerpt":{"rendered":"<p>D\u00e9m\u00e9nagement d\u2019articles m\u00e9nagers Nous sommes experts en d\u00e9m\u00e9nagements d\u2019objets qui font de votre maison votre chez-vous Afin que vous puissiez rapidement vous recr\u00e9er votre nid douillet, Sanelo, entreprise de d\u00e9m\u00e9nagement international, est l\u00e0 pour vous faciliter les choses \u00e0 chaque \u00e9tape. Avec le meilleur mat\u00e9riel de l\u2019industrie et une \u00e9quipe hautement certifi\u00e9e, vous avez l\u2019assurance [&hellip;]<\/p>\n","protected":false},"author":9,"featured_media":0,"parent":7354,"menu_order":0,"comment_status":"closed","ping_status":"closed","template":"","meta":{"_acf_changed":false,"footnotes":""},"class_list":["post-7358","page","type-page","status-publish","hentry"],"acf":[],"yoast_head":"<!-- This site is optimized with the Yoast SEO Premium plugin v22.8 (Yoast SEO v23.7) - https:\/\/yoast.com\/wordpress\/plugins\/seo\/ -->\n<title>D\u00e9m\u00e9nagement d\u2019articles m\u00e9nagers | Santa Fe Relocation<\/title>\n<meta name=\"description\" content=\"Avec les meilleurs mat\u00e9riaux de l&#039;industrie et une \u00e9quipe certifi\u00e9e, vous pouvez \u00eatre rassur\u00e9 qu&#039;avec Sanelo, le d\u00e9m\u00e9nagement de vos biens m\u00e9nagers est entre de bonnes mains.\" \/>\n<meta name=\"robots\" content=\"noindex, follow, max-snippet:-1, max-image-preview:large, max-video-preview:-1\" \/>\n<meta property=\"og:locale\" content=\"fr_FR\" \/>\n<meta property=\"og:type\" content=\"article\" \/>\n<meta property=\"og:title\" content=\"D\u00e9m\u00e9nagement d\u2019articles m\u00e9nagers\" \/>\n<meta property=\"og:description\" content=\"Avec les meilleurs mat\u00e9riaux de l&#039;industrie et une \u00e9quipe certifi\u00e9e, vous pouvez \u00eatre rassur\u00e9 qu&#039;avec Sanelo, le d\u00e9m\u00e9nagement de vos biens m\u00e9nagers est entre de bonnes mains.\" \/>\n<meta property=\"og:url\" content=\"https:\/\/staging.personal.santaferelo.com\/moving-services\/moving-household-goods\/\" \/>\n<meta property=\"og:site_name\" content=\"Santa Fe Relocation\" \/>\n<meta property=\"article:modified_time\" content=\"2024-08-29T12:25:06+00:00\" \/>\n<meta name=\"twitter:card\" content=\"summary_large_image\" \/>\n<meta name=\"twitter:label1\" content=\"Dur\u00e9e de lecture estim\u00e9e\" \/>\n\t<meta name=\"twitter:data1\" content=\"2 minutes\" \/>\n<script type=\"application\/ld+json\" class=\"yoast-schema-graph\">{\"@context\":\"https:\/\/schema.org\",\"@graph\":[{\"@type\":\"WebPage\",\"@id\":\"https:\/\/staging.personal.santaferelo.com\/moving-services\/moving-household-goods\/\",\"url\":\"https:\/\/staging.personal.santaferelo.com\/moving-services\/moving-household-goods\/\",\"name\":\"D\u00e9m\u00e9nagement d\u2019articles m\u00e9nagers | Santa Fe Relocation\",\"isPartOf\":{\"@id\":\"https:\/\/staging.personal.santaferelo.com\/#website\"},\"datePublished\":\"2023-06-14T05:41:21+00:00\",\"dateModified\":\"2024-08-29T12:25:06+00:00\",\"description\":\"Avec les meilleurs mat\u00e9riaux de l'industrie et une \u00e9quipe certifi\u00e9e, vous pouvez \u00eatre rassur\u00e9 qu'avec Sanelo, le d\u00e9m\u00e9nagement de vos biens m\u00e9nagers est entre de bonnes mains.\",\"breadcrumb\":{\"@id\":\"https:\/\/staging.personal.santaferelo.com\/moving-services\/moving-household-goods\/#breadcrumb\"},\"inLanguage\":\"fr-FR\",\"potentialAction\":[{\"@type\":\"ReadAction\",\"target\":[\"https:\/\/staging.personal.santaferelo.com\/moving-services\/moving-household-goods\/\"]}]},{\"@type\":\"BreadcrumbList\",\"@id\":\"https:\/\/staging.personal.santaferelo.com\/moving-services\/moving-household-goods\/#breadcrumb\",\"itemListElement\":[{\"@type\":\"ListItem\",\"position\":1,\"name\":\"Home\",\"item\":\"https:\/\/staging.personal.santaferelo.com\/\"},{\"@type\":\"ListItem\",\"position\":2,\"name\":\"Services de d\u00e9m\u00e9nagement\",\"item\":\"https:\/\/staging.personal.santaferelo.com\/fr\/services-de-demenagement\/\"},{\"@type\":\"ListItem\",\"position\":3,\"name\":\"D\u00e9m\u00e9nagement d\u2019articles m\u00e9nagers\"}]},{\"@type\":\"WebSite\",\"@id\":\"https:\/\/staging.personal.santaferelo.com\/#website\",\"url\":\"https:\/\/staging.personal.santaferelo.com\/\",\"name\":\"Santa Fe Relocation\",\"description\":\"International and Local Moving\",\"publisher\":{\"@id\":\"https:\/\/staging.personal.santaferelo.com\/#organization\"},\"potentialAction\":[{\"@type\":\"SearchAction\",\"target\":{\"@type\":\"EntryPoint\",\"urlTemplate\":\"https:\/\/staging.personal.santaferelo.com\/?s={search_term_string}\"},\"query-input\":{\"@type\":\"PropertyValueSpecification\",\"valueRequired\":true,\"valueName\":\"search_term_string\"}}],\"inLanguage\":\"fr-FR\"},{\"@type\":\"Organization\",\"@id\":\"https:\/\/staging.personal.santaferelo.com\/#organization\",\"name\":\"Santa Fe Relocation\",\"url\":\"https:\/\/staging.personal.santaferelo.com\/\",\"logo\":{\"@type\":\"ImageObject\",\"inLanguage\":\"fr-FR\",\"@id\":\"https:\/\/staging.personal.santaferelo.com\/#\/schema\/logo\/image\/\",\"url\":\"https:\/\/staging.personal.santaferelo.com\/wp-content\/uploads\/2023\/05\/santalogo.svg?wsr\",\"contentUrl\":\"https:\/\/staging.personal.santaferelo.com\/wp-content\/uploads\/2023\/05\/santalogo.svg?wsr\",\"width\":493,\"height\":289,\"caption\":\"Santa Fe Relocation\"},\"image\":{\"@id\":\"https:\/\/staging.personal.santaferelo.com\/#\/schema\/logo\/image\/\"}}]}<\/script>\n<!-- \/ Yoast SEO Premium plugin. -->","yoast_head_json":{"title":"D\u00e9m\u00e9nagement d\u2019articles m\u00e9nagers | Santa Fe Relocation","description":"Avec les meilleurs mat\u00e9riaux de l'industrie et une \u00e9quipe certifi\u00e9e, vous pouvez \u00eatre rassur\u00e9 qu'avec Sanelo, le d\u00e9m\u00e9nagement de vos biens m\u00e9nagers est entre de bonnes mains.","robots":{"index":"noindex","follow":"follow","max-snippet":"max-snippet:-1","max-image-preview":"max-image-preview:large","max-video-preview":"max-video-preview:-1"},"og_locale":"fr_FR","og_type":"article","og_title":"D\u00e9m\u00e9nagement d\u2019articles m\u00e9nagers","og_description":"Avec les meilleurs mat\u00e9riaux de l'industrie et une \u00e9quipe certifi\u00e9e, vous pouvez \u00eatre rassur\u00e9 qu'avec Sanelo, le d\u00e9m\u00e9nagement de vos biens m\u00e9nagers est entre de bonnes mains.","og_url":"https:\/\/staging.personal.santaferelo.com\/moving-services\/moving-household-goods\/","og_site_name":"Santa Fe Relocation","article_modified_time":"2024-08-29T12:25:06+00:00","twitter_card":"summary_large_image","twitter_misc":{"Dur\u00e9e de lecture estim\u00e9e":"2 minutes"},"schema":{"@context":"https:\/\/schema.org","@graph":[{"@type":"WebPage","@id":"https:\/\/staging.personal.santaferelo.com\/moving-services\/moving-household-goods\/","url":"https:\/\/staging.personal.santaferelo.com\/moving-services\/moving-household-goods\/","name":"D\u00e9m\u00e9nagement d\u2019articles m\u00e9nagers | Santa Fe Relocation","isPartOf":{"@id":"https:\/\/staging.personal.santaferelo.com\/#website"},"datePublished":"2023-06-14T05:41:21+00:00","dateModified":"2024-08-29T12:25:06+00:00","description":"Avec les meilleurs mat\u00e9riaux de l'industrie et une \u00e9quipe certifi\u00e9e, vous pouvez \u00eatre rassur\u00e9 qu'avec Sanelo, le d\u00e9m\u00e9nagement de vos biens m\u00e9nagers est entre de bonnes mains.","breadcrumb":{"@id":"https:\/\/staging.personal.santaferelo.com\/moving-services\/moving-household-goods\/#breadcrumb"},"inLanguage":"fr-FR","potentialAction":[{"@type":"ReadAction","target":["https:\/\/staging.personal.santaferelo.com\/moving-services\/moving-household-goods\/"]}]},{"@type":"BreadcrumbList","@id":"https:\/\/staging.personal.santaferelo.com\/moving-services\/moving-household-goods\/#breadcrumb","itemListElement":[{"@type":"ListItem","position":1,"name":"Home","item":"https:\/\/staging.personal.santaferelo.com\/"},{"@type":"ListItem","position":2,"name":"Services de d\u00e9m\u00e9nagement","item":"https:\/\/staging.personal.santaferelo.com\/fr\/services-de-demenagement\/"},{"@type":"ListItem","position":3,"name":"D\u00e9m\u00e9nagement d\u2019articles m\u00e9nagers"}]},{"@type":"WebSite","@id":"https:\/\/staging.personal.santaferelo.com\/#website","url":"https:\/\/staging.personal.santaferelo.com\/","name":"Santa Fe Relocation","description":"International and Local Moving","publisher":{"@id":"https:\/\/staging.personal.santaferelo.com\/#organization"},"potentialAction":[{"@type":"SearchAction","target":{"@type":"EntryPoint","urlTemplate":"https:\/\/staging.personal.santaferelo.com\/?s={search_term_string}"},"query-input":{"@type":"PropertyValueSpecification","valueRequired":true,"valueName":"search_term_string"}}],"inLanguage":"fr-FR"},{"@type":"Organization","@id":"https:\/\/staging.personal.santaferelo.com\/#organization","name":"Santa Fe Relocation","url":"https:\/\/staging.personal.santaferelo.com\/","logo":{"@type":"ImageObject","inLanguage":"fr-FR","@id":"https:\/\/staging.personal.santaferelo.com\/#\/schema\/logo\/image\/","url":"https:\/\/staging.personal.santaferelo.com\/wp-content\/uploads\/2023\/05\/santalogo.svg?wsr","contentUrl":"https:\/\/staging.personal.santaferelo.com\/wp-content\/uploads\/2023\/05\/santalogo.svg?wsr","width":493,"height":289,"caption":"Santa Fe Relocation"},"image":{"@id":"https:\/\/staging.personal.santaferelo.com\/#\/schema\/logo\/image\/"}}]}},"_links":{"self":[{"href":"https:\/\/staging.personal.santaferelo.com\/fr\/wp-json\/wp\/v2\/pages\/7358","targetHints":{"allow":["GET"]}}],"collection":[{"href":"https:\/\/staging.personal.santaferelo.com\/fr\/wp-json\/wp\/v2\/pages"}],"about":[{"href":"https:\/\/staging.personal.santaferelo.com\/fr\/wp-json\/wp\/v2\/types\/page"}],"author":[{"embeddable":true,"href":"https:\/\/staging.personal.santaferelo.com\/fr\/wp-json\/wp\/v2\/users\/9"}],"replies":[{"embeddable":true,"href":"https:\/\/staging.personal.santaferelo.com\/fr\/wp-json\/wp\/v2\/comments?post=7358"}],"version-history":[{"count":3,"href":"https:\/\/staging.personal.santaferelo.com\/fr\/wp-json\/wp\/v2\/pages\/7358\/revisions"}],"predecessor-version":[{"id":9796,"href":"https:\/\/staging.personal.santaferelo.com\/fr\/wp-json\/wp\/v2\/pages\/7358\/revisions\/9796"}],"up":[{"embeddable":true,"href":"https:\/\/staging.personal.santaferelo.com\/fr\/wp-json\/wp\/v2\/pages\/7354"}],"wp:attachment":[{"href":"https:\/\/staging.personal.santaferelo.com\/fr\/wp-json\/wp\/v2\/media?parent=7358"}],"curies":[{"name":"wp","href":"https:\/\/api.w.org\/{rel}","templated":true}]}}