{"id":7362,"date":"2023-06-14T08:01:19","date_gmt":"2023-06-14T08:01:19","guid":{"rendered":"https:\/\/staging.personal.santaferelo.com\/moving-services\/stockage\/"},"modified":"2024-08-29T12:36:05","modified_gmt":"2024-08-29T12:36:05","slug":"stockage","status":"publish","type":"page","link":"https:\/\/staging.personal.santaferelo.com\/fr\/services-de-demenagement\/stockage\/","title":{"rendered":"Stockage"},"content":{"rendered":"\t\t<div data-elementor-type=\"wp-page\" data-elementor-id=\"7362\" class=\"elementor elementor-7362 elementor-1213\" data-elementor-post-type=\"page\">\n\t\t\t\t<div class=\"elementor-element elementor-element-eace685 e-con-full e-flex e-con e-parent\" data-id=\"eace685\" data-element_type=\"container\" data-settings=\"{&quot;background_background&quot;:&quot;classic&quot;}\">\n\t\t<div class=\"elementor-element elementor-element-36c0bba e-flex e-con-boxed e-con e-child\" data-id=\"36c0bba\" data-element_type=\"container\">\n\t\t\t\t\t<div class=\"e-con-inner\">\n\t\t<div class=\"elementor-element elementor-element-ce45a82 e-con-full e-flex e-con e-child\" data-id=\"ce45a82\" data-element_type=\"container\">\n\t\t\t\t<div class=\"elementor-element elementor-element-ad6a92a elementor-widget__width-inherit elementor-widget elementor-widget-heading\" data-id=\"ad6a92a\" data-element_type=\"widget\" data-widget_type=\"heading.default\">\n\t\t\t\t<div class=\"elementor-widget-container\">\n\t\t\t<h1 class=\"elementor-heading-title elementor-size-default\">Stockage pour vos affaires<\/h1>\t\t<\/div>\n\t\t\t\t<\/div>\n\t\t\t\t<\/div>\n\t\t<div class=\"elementor-element elementor-element-e20d7d0 e-con-full e-flex e-con e-child\" data-id=\"e20d7d0\" data-element_type=\"container\" data-settings=\"{&quot;background_background&quot;:&quot;classic&quot;}\">\n\t\t\t\t<\/div>\n\t\t\t\t\t<\/div>\n\t\t\t\t<\/div>\n\t\t\t\t<\/div>\n\t\t<div class=\"elementor-element elementor-element-ec0142d e-con-full e-flex e-con e-parent\" data-id=\"ec0142d\" data-element_type=\"container\" data-settings=\"{&quot;background_background&quot;:&quot;classic&quot;}\">\n\t\t<div class=\"elementor-element elementor-element-f0a6ecf e-flex e-con-boxed e-con e-child\" data-id=\"f0a6ecf\" data-element_type=\"container\">\n\t\t\t\t\t<div class=\"e-con-inner\">\n\t\t<div class=\"elementor-element elementor-element-cb5cb9a e-con-full e-flex e-con e-child\" data-id=\"cb5cb9a\" data-element_type=\"container\">\n\t\t\t\t<div class=\"elementor-element elementor-element-1651ac5 elementor-widget__width-initial elementor-widget elementor-widget-heading\" data-id=\"1651ac5\" data-element_type=\"widget\" data-widget_type=\"heading.default\">\n\t\t\t\t<div class=\"elementor-widget-container\">\n\t\t\t<h3 class=\"elementor-heading-title elementor-size-default\">Nous savons que les grands d\u00e9m\u00e9nagements peuvent \u00eatre longs<\/h3>\t\t<\/div>\n\t\t\t\t<\/div>\n\t\t\t\t<div class=\"elementor-element elementor-element-c63eee3 elementor-widget__width-initial elementor-widget-mobile__width-initial elementor-widget elementor-widget-text-editor\" data-id=\"c63eee3\" data-element_type=\"widget\" data-widget_type=\"text-editor.default\">\n\t\t\t\t<div class=\"elementor-widget-container\">\n\t\t\t\t\t\t\t<p>Lors d\u2019un grand d\u00e9m\u00e9nagement dans une nouvelle ville ou un nouveau pays, du temps peut passer entre le moment o\u00f9 vous quittez votre ancien domicile et celui o\u00f9 vous r\u00e9cup\u00e9rez vos nouvelles cl\u00e9s. C\u2019est pourquoi Santa Fe offre des solutions de stockage fiables, avec toute la flexibilit\u00e9 dont vous avez besoin pendant votre d\u00e9m\u00e9nagement.<\/p>\n\t\t\t\t\t\t<\/div>\n\t\t\t\t<\/div>\n\t\t\t\t<\/div>\n\t\t<div class=\"elementor-element elementor-element-a5cd9ce e-con-full e-flex e-con e-child\" data-id=\"a5cd9ce\" data-element_type=\"container\" data-settings=\"{&quot;background_background&quot;:&quot;classic&quot;}\">\n\t\t\t\t<\/div>\n\t\t\t\t\t<\/div>\n\t\t\t\t<\/div>\n\t\t\t\t<\/div>\n\t\t<div class=\"elementor-element elementor-element-924626b e-con-full e-flex e-con e-parent\" data-id=\"924626b\" data-element_type=\"container\" data-settings=\"{&quot;background_background&quot;:&quot;classic&quot;}\">\n\t\t<div class=\"elementor-element elementor-element-a90b5fb e-flex e-con-boxed e-con e-child\" data-id=\"a90b5fb\" data-element_type=\"container\">\n\t\t\t\t\t<div class=\"e-con-inner\">\n\t\t<div class=\"elementor-element elementor-element-ec0fb1a e-con-full e-flex e-con e-child\" data-id=\"ec0fb1a\" data-element_type=\"container\">\n\t\t\t\t<div class=\"elementor-element elementor-element-379988e elementor-widget__width-initial elementor-widget elementor-widget-heading\" data-id=\"379988e\" data-element_type=\"widget\" data-widget_type=\"heading.default\">\n\t\t\t\t<div class=\"elementor-widget-container\">\n\t\t\t<h3 class=\"elementor-heading-title elementor-size-default\">Solutions de stockage flexible pour besoins \u00e0 court et \u00e0 long terme<\/h3>\t\t<\/div>\n\t\t\t\t<\/div>\n\t\t\t\t<div class=\"elementor-element elementor-element-0f7bd7a elementor-widget__width-initial elementor-widget-mobile__width-initial elementor-widget elementor-widget-text-editor\" data-id=\"0f7bd7a\" data-element_type=\"widget\" data-widget_type=\"text-editor.default\">\n\t\t\t\t<div class=\"elementor-widget-container\">\n\t\t\t\t\t\t\t<p>Santa Fe est pr\u00e9sent dans 46 pays diff\u00e9rents et poss\u00e8de des locaux de stockage de pointe, pour que vos affaires soient toujours en s\u00e9curit\u00e9.<\/p>\n<p>Les services de stockage de Santa Fe lors des d\u00e9m\u00e9nagements sont pens\u00e9s pour que votre d\u00e9m\u00e9nagement se d\u00e9roule de la mani\u00e8re la plus souple possible. Que vous ayez besoin d\u2019un stockage \u00e0 court terme tandis que vous finissez de vous adapter \u00e0 votre nouveau lieu de vie ou d\u2019une solution \u00e0 plus long terme, nous satisfaisons vos besoins.<\/p>\n<p>Nous savons que chaque d\u00e9m\u00e9nagement est unique. Que vos affaires arrivent \u00e0 votre nouveau domicile avant vous ou que vous ne soyez pas pr\u00eat(e) \u00e0 tout d\u00e9baller dans votre location de d\u00e9part, nous nous engageons \u00e0 vous fournir des solutions personnalis\u00e9es pour r\u00e9pondre \u00e0 vos besoins sp\u00e9cifiques. Laissez-nous prendre soin de vos affaires tandis que vous prenez le temps de vous installer dans votre nouveau domicile.<\/p>\n\t\t\t\t\t\t<\/div>\n\t\t\t\t<\/div>\n\t\t\t\t<\/div>\n\t\t<div class=\"elementor-element elementor-element-ab0a712 e-con-full e-flex e-con e-child\" data-id=\"ab0a712\" data-element_type=\"container\" data-settings=\"{&quot;background_background&quot;:&quot;classic&quot;}\">\n\t\t\t\t<\/div>\n\t\t\t\t\t<\/div>\n\t\t\t\t<\/div>\n\t\t\t\t<\/div>\n\t\t\t\t<\/div>\n\t\t","protected":false},"excerpt":{"rendered":"<p>Stockage pour vos affaires Nous savons que les grands d\u00e9m\u00e9nagements peuvent \u00eatre longs Lors d\u2019un grand d\u00e9m\u00e9nagement dans une nouvelle ville ou un nouveau pays, du temps peut passer entre le moment o\u00f9 vous quittez votre ancien domicile et celui o\u00f9 vous r\u00e9cup\u00e9rez vos nouvelles cl\u00e9s. C\u2019est pourquoi Sanelo offre des solutions de stockage fiables, [&hellip;]<\/p>\n","protected":false},"author":9,"featured_media":0,"parent":7354,"menu_order":0,"comment_status":"closed","ping_status":"closed","template":"","meta":{"_acf_changed":false,"footnotes":""},"class_list":["post-7362","page","type-page","status-publish","hentry"],"acf":[],"yoast_head":"<!-- This site is optimized with the Yoast SEO Premium plugin v22.8 (Yoast SEO v23.7) - https:\/\/yoast.com\/wordpress\/plugins\/seo\/ -->\n<title>Stockage | Santa Fe Relocation<\/title>\n<meta name=\"description\" content=\"Sanelo propose des solutions de d\u00e9m\u00e9nagement et d\u2019entreposage fiables, vous offrant la flexibilit\u00e9 dont vous avez besoin lors de votre d\u00e9m\u00e9nagement vers votre nouveau domicile.\" \/>\n<meta name=\"robots\" content=\"noindex, follow, max-snippet:-1, max-image-preview:large, max-video-preview:-1\" \/>\n<meta property=\"og:locale\" content=\"fr_FR\" \/>\n<meta property=\"og:type\" content=\"article\" \/>\n<meta property=\"og:title\" content=\"Stockage\" \/>\n<meta property=\"og:description\" content=\"Sanelo propose des solutions de d\u00e9m\u00e9nagement et d\u2019entreposage fiables, vous offrant la flexibilit\u00e9 dont vous avez besoin lors de votre d\u00e9m\u00e9nagement vers votre nouveau domicile.\" \/>\n<meta property=\"og:url\" content=\"https:\/\/staging.personal.santaferelo.com\/moving-services\/storage\/\" \/>\n<meta property=\"og:site_name\" content=\"Santa Fe Relocation\" \/>\n<meta property=\"article:modified_time\" content=\"2024-08-29T12:36:05+00:00\" \/>\n<meta name=\"twitter:card\" content=\"summary_large_image\" \/>\n<meta name=\"twitter:label1\" content=\"Dur\u00e9e de lecture estim\u00e9e\" \/>\n\t<meta name=\"twitter:data1\" content=\"2 minutes\" \/>\n<script type=\"application\/ld+json\" class=\"yoast-schema-graph\">{\"@context\":\"https:\/\/schema.org\",\"@graph\":[{\"@type\":\"WebPage\",\"@id\":\"https:\/\/staging.personal.santaferelo.com\/moving-services\/storage\/\",\"url\":\"https:\/\/staging.personal.santaferelo.com\/moving-services\/storage\/\",\"name\":\"Stockage | Santa Fe Relocation\",\"isPartOf\":{\"@id\":\"https:\/\/staging.personal.santaferelo.com\/#website\"},\"datePublished\":\"2023-06-14T08:01:19+00:00\",\"dateModified\":\"2024-08-29T12:36:05+00:00\",\"description\":\"Sanelo propose des solutions de d\u00e9m\u00e9nagement et d\u2019entreposage fiables, vous offrant la flexibilit\u00e9 dont vous avez besoin lors de votre d\u00e9m\u00e9nagement vers votre nouveau domicile.\",\"breadcrumb\":{\"@id\":\"https:\/\/staging.personal.santaferelo.com\/moving-services\/storage\/#breadcrumb\"},\"inLanguage\":\"fr-FR\",\"potentialAction\":[{\"@type\":\"ReadAction\",\"target\":[\"https:\/\/staging.personal.santaferelo.com\/moving-services\/storage\/\"]}]},{\"@type\":\"BreadcrumbList\",\"@id\":\"https:\/\/staging.personal.santaferelo.com\/moving-services\/storage\/#breadcrumb\",\"itemListElement\":[{\"@type\":\"ListItem\",\"position\":1,\"name\":\"Home\",\"item\":\"https:\/\/staging.personal.santaferelo.com\/\"},{\"@type\":\"ListItem\",\"position\":2,\"name\":\"Services de d\u00e9m\u00e9nagement\",\"item\":\"https:\/\/staging.personal.santaferelo.com\/fr\/services-de-demenagement\/\"},{\"@type\":\"ListItem\",\"position\":3,\"name\":\"Stockage\"}]},{\"@type\":\"WebSite\",\"@id\":\"https:\/\/staging.personal.santaferelo.com\/#website\",\"url\":\"https:\/\/staging.personal.santaferelo.com\/\",\"name\":\"Santa Fe Relocation\",\"description\":\"International and Local Moving\",\"publisher\":{\"@id\":\"https:\/\/staging.personal.santaferelo.com\/#organization\"},\"potentialAction\":[{\"@type\":\"SearchAction\",\"target\":{\"@type\":\"EntryPoint\",\"urlTemplate\":\"https:\/\/staging.personal.santaferelo.com\/?s={search_term_string}\"},\"query-input\":{\"@type\":\"PropertyValueSpecification\",\"valueRequired\":true,\"valueName\":\"search_term_string\"}}],\"inLanguage\":\"fr-FR\"},{\"@type\":\"Organization\",\"@id\":\"https:\/\/staging.personal.santaferelo.com\/#organization\",\"name\":\"Santa Fe Relocation\",\"url\":\"https:\/\/staging.personal.santaferelo.com\/\",\"logo\":{\"@type\":\"ImageObject\",\"inLanguage\":\"fr-FR\",\"@id\":\"https:\/\/staging.personal.santaferelo.com\/#\/schema\/logo\/image\/\",\"url\":\"https:\/\/staging.personal.santaferelo.com\/wp-content\/uploads\/2023\/05\/santalogo.svg?wsr\",\"contentUrl\":\"https:\/\/staging.personal.santaferelo.com\/wp-content\/uploads\/2023\/05\/santalogo.svg?wsr\",\"width\":493,\"height\":289,\"caption\":\"Santa Fe Relocation\"},\"image\":{\"@id\":\"https:\/\/staging.personal.santaferelo.com\/#\/schema\/logo\/image\/\"}}]}<\/script>\n<!-- \/ Yoast SEO Premium plugin. -->","yoast_head_json":{"title":"Stockage | Santa Fe Relocation","description":"Sanelo propose des solutions de d\u00e9m\u00e9nagement et d\u2019entreposage fiables, vous offrant la flexibilit\u00e9 dont vous avez besoin lors de votre d\u00e9m\u00e9nagement vers votre nouveau domicile.","robots":{"index":"noindex","follow":"follow","max-snippet":"max-snippet:-1","max-image-preview":"max-image-preview:large","max-video-preview":"max-video-preview:-1"},"og_locale":"fr_FR","og_type":"article","og_title":"Stockage","og_description":"Sanelo propose des solutions de d\u00e9m\u00e9nagement et d\u2019entreposage fiables, vous offrant la flexibilit\u00e9 dont vous avez besoin lors de votre d\u00e9m\u00e9nagement vers votre nouveau domicile.","og_url":"https:\/\/staging.personal.santaferelo.com\/moving-services\/storage\/","og_site_name":"Santa Fe Relocation","article_modified_time":"2024-08-29T12:36:05+00:00","twitter_card":"summary_large_image","twitter_misc":{"Dur\u00e9e de lecture estim\u00e9e":"2 minutes"},"schema":{"@context":"https:\/\/schema.org","@graph":[{"@type":"WebPage","@id":"https:\/\/staging.personal.santaferelo.com\/moving-services\/storage\/","url":"https:\/\/staging.personal.santaferelo.com\/moving-services\/storage\/","name":"Stockage | Santa Fe Relocation","isPartOf":{"@id":"https:\/\/staging.personal.santaferelo.com\/#website"},"datePublished":"2023-06-14T08:01:19+00:00","dateModified":"2024-08-29T12:36:05+00:00","description":"Sanelo propose des solutions de d\u00e9m\u00e9nagement et d\u2019entreposage fiables, vous offrant la flexibilit\u00e9 dont vous avez besoin lors de votre d\u00e9m\u00e9nagement vers votre nouveau domicile.","breadcrumb":{"@id":"https:\/\/staging.personal.santaferelo.com\/moving-services\/storage\/#breadcrumb"},"inLanguage":"fr-FR","potentialAction":[{"@type":"ReadAction","target":["https:\/\/staging.personal.santaferelo.com\/moving-services\/storage\/"]}]},{"@type":"BreadcrumbList","@id":"https:\/\/staging.personal.santaferelo.com\/moving-services\/storage\/#breadcrumb","itemListElement":[{"@type":"ListItem","position":1,"name":"Home","item":"https:\/\/staging.personal.santaferelo.com\/"},{"@type":"ListItem","position":2,"name":"Services de d\u00e9m\u00e9nagement","item":"https:\/\/staging.personal.santaferelo.com\/fr\/services-de-demenagement\/"},{"@type":"ListItem","position":3,"name":"Stockage"}]},{"@type":"WebSite","@id":"https:\/\/staging.personal.santaferelo.com\/#website","url":"https:\/\/staging.personal.santaferelo.com\/","name":"Santa Fe Relocation","description":"International and Local Moving","publisher":{"@id":"https:\/\/staging.personal.santaferelo.com\/#organization"},"potentialAction":[{"@type":"SearchAction","target":{"@type":"EntryPoint","urlTemplate":"https:\/\/staging.personal.santaferelo.com\/?s={search_term_string}"},"query-input":{"@type":"PropertyValueSpecification","valueRequired":true,"valueName":"search_term_string"}}],"inLanguage":"fr-FR"},{"@type":"Organization","@id":"https:\/\/staging.personal.santaferelo.com\/#organization","name":"Santa Fe Relocation","url":"https:\/\/staging.personal.santaferelo.com\/","logo":{"@type":"ImageObject","inLanguage":"fr-FR","@id":"https:\/\/staging.personal.santaferelo.com\/#\/schema\/logo\/image\/","url":"https:\/\/staging.personal.santaferelo.com\/wp-content\/uploads\/2023\/05\/santalogo.svg?wsr","contentUrl":"https:\/\/staging.personal.santaferelo.com\/wp-content\/uploads\/2023\/05\/santalogo.svg?wsr","width":493,"height":289,"caption":"Santa Fe Relocation"},"image":{"@id":"https:\/\/staging.personal.santaferelo.com\/#\/schema\/logo\/image\/"}}]}},"_links":{"self":[{"href":"https:\/\/staging.personal.santaferelo.com\/fr\/wp-json\/wp\/v2\/pages\/7362","targetHints":{"allow":["GET"]}}],"collection":[{"href":"https:\/\/staging.personal.santaferelo.com\/fr\/wp-json\/wp\/v2\/pages"}],"about":[{"href":"https:\/\/staging.personal.santaferelo.com\/fr\/wp-json\/wp\/v2\/types\/page"}],"author":[{"embeddable":true,"href":"https:\/\/staging.personal.santaferelo.com\/fr\/wp-json\/wp\/v2\/users\/9"}],"replies":[{"embeddable":true,"href":"https:\/\/staging.personal.santaferelo.com\/fr\/wp-json\/wp\/v2\/comments?post=7362"}],"version-history":[{"count":3,"href":"https:\/\/staging.personal.santaferelo.com\/fr\/wp-json\/wp\/v2\/pages\/7362\/revisions"}],"predecessor-version":[{"id":9820,"href":"https:\/\/staging.personal.santaferelo.com\/fr\/wp-json\/wp\/v2\/pages\/7362\/revisions\/9820"}],"up":[{"embeddable":true,"href":"https:\/\/staging.personal.santaferelo.com\/fr\/wp-json\/wp\/v2\/pages\/7354"}],"wp:attachment":[{"href":"https:\/\/staging.personal.santaferelo.com\/fr\/wp-json\/wp\/v2\/media?parent=7362"}],"curies":[{"name":"wp","href":"https:\/\/api.w.org\/{rel}","templated":true}]}}