{"id":7363,"date":"2023-06-14T08:08:57","date_gmt":"2023-06-14T08:08:57","guid":{"rendered":"https:\/\/staging.personal.santaferelo.com\/moving-services\/installation\/"},"modified":"2024-11-19T17:21:51","modified_gmt":"2024-11-19T17:21:51","slug":"installation","status":"publish","type":"page","link":"https:\/\/staging.personal.santaferelo.com\/fr\/services-de-demenagement\/installation\/","title":{"rendered":"Installation"},"content":{"rendered":"\t\t<div data-elementor-type=\"wp-page\" data-elementor-id=\"7363\" class=\"elementor elementor-7363 elementor-1214\" data-elementor-post-type=\"page\">\n\t\t\t\t<div class=\"elementor-element elementor-element-32c0073 e-con-full e-flex e-con e-parent\" data-id=\"32c0073\" data-element_type=\"container\" data-settings=\"{&quot;background_background&quot;:&quot;classic&quot;}\">\n\t\t<div class=\"elementor-element elementor-element-30d43dc e-flex e-con-boxed e-con e-child\" data-id=\"30d43dc\" data-element_type=\"container\">\n\t\t\t\t\t<div class=\"e-con-inner\">\n\t\t<div class=\"elementor-element elementor-element-e87a13d e-con-full e-flex e-con e-child\" data-id=\"e87a13d\" data-element_type=\"container\">\n\t\t\t\t<div class=\"elementor-element elementor-element-66469b7 elementor-widget__width-inherit elementor-widget elementor-widget-heading\" data-id=\"66469b7\" data-element_type=\"widget\" data-widget_type=\"heading.default\">\n\t\t\t\t<div class=\"elementor-widget-container\">\n\t\t\t<h1 class=\"elementor-heading-title elementor-size-default\">Installation<\/h1>\t\t<\/div>\n\t\t\t\t<\/div>\n\t\t\t\t<\/div>\n\t\t<div class=\"elementor-element elementor-element-a538c65 e-con-full e-flex e-con e-child\" data-id=\"a538c65\" data-element_type=\"container\" data-settings=\"{&quot;background_background&quot;:&quot;classic&quot;}\">\n\t\t\t\t<\/div>\n\t\t\t\t\t<\/div>\n\t\t\t\t<\/div>\n\t\t\t\t<\/div>\n\t\t<div class=\"elementor-element elementor-element-1731450 e-con-full e-flex e-con e-parent\" data-id=\"1731450\" data-element_type=\"container\" data-settings=\"{&quot;background_background&quot;:&quot;classic&quot;}\">\n\t\t<div class=\"elementor-element elementor-element-63f1708 e-flex e-con-boxed e-con e-child\" data-id=\"63f1708\" data-element_type=\"container\">\n\t\t\t\t\t<div class=\"e-con-inner\">\n\t\t<div class=\"elementor-element elementor-element-c349f36 e-con-full e-flex e-con e-child\" data-id=\"c349f36\" data-element_type=\"container\">\n\t\t\t\t<div class=\"elementor-element elementor-element-a065ce0 elementor-widget__width-initial elementor-widget elementor-widget-heading\" data-id=\"a065ce0\" data-element_type=\"widget\" data-widget_type=\"heading.default\">\n\t\t\t\t<div class=\"elementor-widget-container\">\n\t\t\t<h3 class=\"elementor-heading-title elementor-size-default\">Un d\u00e9m\u00e9nagement ne se termine pas au moment de d\u00e9baller le dernier carton.<\/h3>\t\t<\/div>\n\t\t\t\t<\/div>\n\t\t\t\t<div class=\"elementor-element elementor-element-74bd602 elementor-widget__width-initial elementor-widget-mobile__width-initial elementor-widget elementor-widget-text-editor\" data-id=\"74bd602\" data-element_type=\"widget\" data-widget_type=\"text-editor.default\">\n\t\t\t\t<div class=\"elementor-widget-container\">\n\t\t\t\t\t\t\t<p>Avec plus de 130 ans d\u2019exp\u00e9rience, Santa Fe sait que le processus d\u2019un d\u00e9m\u00e9nagement d\u00e9passe de beaucoup le simple transport de vos affaires. Il s\u2019agit de vous sentir chez vous dans une nouvelle ville ou un nouveau pays. C\u2019est pourquoi les services de Santa Fe ne s&rsquo;arr\u00eatent pas au d\u00e9ballage de vos cartons. Nous pouvons vous aider pour tout, que ce soit trouver un logement, d\u00e9couvrir les environs ou inscrire vos enfants \u00e0 l\u2019\u00e9cole.<\/p><p>D\u00e9couvrez nos services de <a href=\"https:\/\/staging.personal.santaferelo.com\/fr\/services-de-demenagement\/demenagement-danimaux-de-compagnie\/\">relocalisation d&rsquo;animaux<\/a><\/p>\t\t\t\t\t\t<\/div>\n\t\t\t\t<\/div>\n\t\t\t\t<\/div>\n\t\t<div class=\"elementor-element elementor-element-b88fced e-con-full e-flex e-con e-child\" data-id=\"b88fced\" data-element_type=\"container\" data-settings=\"{&quot;background_background&quot;:&quot;classic&quot;}\">\n\t\t\t\t<\/div>\n\t\t\t\t\t<\/div>\n\t\t\t\t<\/div>\n\t\t\t\t<\/div>\n\t\t<div class=\"elementor-element elementor-element-378238e e-con-full e-flex e-con e-parent\" data-id=\"378238e\" data-element_type=\"container\" data-settings=\"{&quot;background_background&quot;:&quot;classic&quot;}\">\n\t\t<div class=\"elementor-element elementor-element-8049a70 e-flex e-con-boxed e-con e-child\" data-id=\"8049a70\" data-element_type=\"container\">\n\t\t\t\t\t<div class=\"e-con-inner\">\n\t\t<div class=\"elementor-element elementor-element-03e9696 e-con-full e-flex e-con e-child\" data-id=\"03e9696\" data-element_type=\"container\">\n\t\t\t\t<div class=\"elementor-element elementor-element-36bd216 elementor-widget__width-initial elementor-widget elementor-widget-heading\" data-id=\"36bd216\" data-element_type=\"widget\" data-widget_type=\"heading.default\">\n\t\t\t\t<div class=\"elementor-widget-container\">\n\t\t\t<h3 class=\"elementor-heading-title elementor-size-default\">Tirer parti au mieux de l\u2019Orientation locale et des Services locaux<\/h3>\t\t<\/div>\n\t\t\t\t<\/div>\n\t\t\t\t<div class=\"elementor-element elementor-element-06b69c6 elementor-widget__width-initial elementor-widget-mobile__width-initial elementor-widget elementor-widget-text-editor\" data-id=\"06b69c6\" data-element_type=\"widget\" data-widget_type=\"text-editor.default\">\n\t\t\t\t<div class=\"elementor-widget-container\">\n\t\t\t\t\t\t\t<p>Le processus d&rsquo;installation dans une nouvelle ville ou un nouveau pays s&rsquo;appelle \u00ab l&rsquo;orientation locale \u00bb. L&rsquo;orientation locale commence par la d\u00e9couverte des quartiers de votre nouveau lieu de r\u00e9sidence, afin que vous sachiez o\u00f9 louer ou acheter un logement, et va jusqu&rsquo;\u00e0 la prise de contact avec les structures et les services locaux.<\/p><p><br \/>Cela comprend l&rsquo;achat de meubles, la location ou l&rsquo;achat d&rsquo;une voiture, la recherche de services m\u00e9nagers locaux et l&rsquo;inscription dans une \u00e9cole si vous d\u00e9m\u00e9nagez avec des enfants. Votre <a href=\"https:\/\/staging.personal.santaferelo.com\/fr\/services-de-demenagement\/expert-en-demenagement-dedie\/\">coordinateur de d\u00e9m\u00e9nagement<\/a> est un expert dans son domaine et peut vous aider \u00e0 obtenir les informations dont vous avez besoin pour rendre votre d\u00e9m\u00e9nagement aussi facile et agr\u00e9able que possible.<\/p><p><br \/>En outre, Santa Fe propose des services d\u00e9di\u00e9s aux expatri\u00e9s, qui offrent un soutien suppl\u00e9mentaire \u00e0 ceux qui d\u00e9m\u00e9nagent \u00e0 grande \u00e9chelle et qui couvrent tous les aspects du d\u00e9m\u00e9nagement d&rsquo;animaux de compagnie \u00e0 l&rsquo;ouverture de comptes d&rsquo;expatri\u00e9s.<br \/>Faites-nous confiance pour faciliter votre transition, afin que vous puissiez rapidement tirer le meilleur parti de votre nouvel environnement.<\/p>\t\t\t\t\t\t<\/div>\n\t\t\t\t<\/div>\n\t\t\t\t<\/div>\n\t\t<div class=\"elementor-element elementor-element-491b94f e-con-full e-flex e-con e-child\" data-id=\"491b94f\" data-element_type=\"container\" data-settings=\"{&quot;background_background&quot;:&quot;classic&quot;}\">\n\t\t\t\t<\/div>\n\t\t\t\t\t<\/div>\n\t\t\t\t<\/div>\n\t\t\t\t<\/div>\n\t\t\t\t<\/div>\n\t\t","protected":false},"excerpt":{"rendered":"<p>Installation Un d\u00e9m\u00e9nagement ne se termine pas au moment de d\u00e9baller le dernier carton. Avec plus de 130 ans d\u2019exp\u00e9rience, Santa Fe sait que le processus d\u2019un d\u00e9m\u00e9nagement d\u00e9passe de beaucoup le simple transport de vos affaires. Il s\u2019agit de vous sentir chez vous dans une nouvelle ville ou un nouveau pays. C\u2019est pourquoi les [&hellip;]<\/p>\n","protected":false},"author":9,"featured_media":0,"parent":7354,"menu_order":0,"comment_status":"closed","ping_status":"closed","template":"","meta":{"_acf_changed":false,"footnotes":""},"class_list":["post-7363","page","type-page","status-publish","hentry"],"acf":[],"yoast_head":"<!-- This site is optimized with the Yoast SEO Premium plugin v22.8 (Yoast SEO v23.7) - https:\/\/yoast.com\/wordpress\/plugins\/seo\/ -->\n<title>Installation | Santa Fe Relocation<\/title>\n<meta name=\"description\" content=\"Le d\u00e9m\u00e9nagement ne se termine pas lorsque la derni\u00e8re caisse est d\u00e9ball\u00e9e.C\u2019est pourquoi les services d&#039;installation de Sanelo vous aident \u00e0 faire d&#039;une maison votre foyer\" \/>\n<meta name=\"robots\" content=\"noindex, follow, max-snippet:-1, max-image-preview:large, max-video-preview:-1\" \/>\n<meta property=\"og:locale\" content=\"fr_FR\" \/>\n<meta property=\"og:type\" content=\"article\" \/>\n<meta property=\"og:title\" content=\"Installation\" \/>\n<meta property=\"og:description\" content=\"Le d\u00e9m\u00e9nagement ne se termine pas lorsque la derni\u00e8re caisse est d\u00e9ball\u00e9e.C\u2019est pourquoi les services d&#039;installation de Sanelo vous aident \u00e0 faire d&#039;une maison votre foyer\" \/>\n<meta property=\"og:url\" content=\"https:\/\/staging.personal.santaferelo.com\/moving-services\/settling-in-after-moving\/\" \/>\n<meta property=\"og:site_name\" content=\"Santa Fe Relocation\" \/>\n<meta property=\"article:modified_time\" content=\"2024-11-19T17:21:51+00:00\" \/>\n<meta name=\"twitter:card\" content=\"summary_large_image\" \/>\n<meta name=\"twitter:label1\" content=\"Dur\u00e9e de lecture estim\u00e9e\" \/>\n\t<meta name=\"twitter:data1\" content=\"2 minutes\" \/>\n<script type=\"application\/ld+json\" class=\"yoast-schema-graph\">{\"@context\":\"https:\/\/schema.org\",\"@graph\":[{\"@type\":\"WebPage\",\"@id\":\"https:\/\/staging.personal.santaferelo.com\/moving-services\/settling-in-after-moving\/\",\"url\":\"https:\/\/staging.personal.santaferelo.com\/moving-services\/settling-in-after-moving\/\",\"name\":\"Installation | Santa Fe Relocation\",\"isPartOf\":{\"@id\":\"https:\/\/staging.personal.santaferelo.com\/#website\"},\"datePublished\":\"2023-06-14T08:08:57+00:00\",\"dateModified\":\"2024-11-19T17:21:51+00:00\",\"description\":\"Le d\u00e9m\u00e9nagement ne se termine pas lorsque la derni\u00e8re caisse est d\u00e9ball\u00e9e.C\u2019est pourquoi les services d'installation de Sanelo vous aident \u00e0 faire d'une maison votre foyer\",\"breadcrumb\":{\"@id\":\"https:\/\/staging.personal.santaferelo.com\/moving-services\/settling-in-after-moving\/#breadcrumb\"},\"inLanguage\":\"fr-FR\",\"potentialAction\":[{\"@type\":\"ReadAction\",\"target\":[\"https:\/\/staging.personal.santaferelo.com\/moving-services\/settling-in-after-moving\/\"]}]},{\"@type\":\"BreadcrumbList\",\"@id\":\"https:\/\/staging.personal.santaferelo.com\/moving-services\/settling-in-after-moving\/#breadcrumb\",\"itemListElement\":[{\"@type\":\"ListItem\",\"position\":1,\"name\":\"Home\",\"item\":\"https:\/\/staging.personal.santaferelo.com\/\"},{\"@type\":\"ListItem\",\"position\":2,\"name\":\"Services de d\u00e9m\u00e9nagement\",\"item\":\"https:\/\/staging.personal.santaferelo.com\/fr\/services-de-demenagement\/\"},{\"@type\":\"ListItem\",\"position\":3,\"name\":\"Installation\"}]},{\"@type\":\"WebSite\",\"@id\":\"https:\/\/staging.personal.santaferelo.com\/#website\",\"url\":\"https:\/\/staging.personal.santaferelo.com\/\",\"name\":\"Santa Fe Relocation\",\"description\":\"International and Local Moving\",\"publisher\":{\"@id\":\"https:\/\/staging.personal.santaferelo.com\/#organization\"},\"potentialAction\":[{\"@type\":\"SearchAction\",\"target\":{\"@type\":\"EntryPoint\",\"urlTemplate\":\"https:\/\/staging.personal.santaferelo.com\/?s={search_term_string}\"},\"query-input\":{\"@type\":\"PropertyValueSpecification\",\"valueRequired\":true,\"valueName\":\"search_term_string\"}}],\"inLanguage\":\"fr-FR\"},{\"@type\":\"Organization\",\"@id\":\"https:\/\/staging.personal.santaferelo.com\/#organization\",\"name\":\"Santa Fe Relocation\",\"url\":\"https:\/\/staging.personal.santaferelo.com\/\",\"logo\":{\"@type\":\"ImageObject\",\"inLanguage\":\"fr-FR\",\"@id\":\"https:\/\/staging.personal.santaferelo.com\/#\/schema\/logo\/image\/\",\"url\":\"https:\/\/staging.personal.santaferelo.com\/wp-content\/uploads\/2023\/05\/santalogo.svg?wsr\",\"contentUrl\":\"https:\/\/staging.personal.santaferelo.com\/wp-content\/uploads\/2023\/05\/santalogo.svg?wsr\",\"width\":493,\"height\":289,\"caption\":\"Santa Fe Relocation\"},\"image\":{\"@id\":\"https:\/\/staging.personal.santaferelo.com\/#\/schema\/logo\/image\/\"}}]}<\/script>\n<!-- \/ Yoast SEO Premium plugin. -->","yoast_head_json":{"title":"Installation | Santa Fe Relocation","description":"Le d\u00e9m\u00e9nagement ne se termine pas lorsque la derni\u00e8re caisse est d\u00e9ball\u00e9e.C\u2019est pourquoi les services d'installation de Sanelo vous aident \u00e0 faire d'une maison votre foyer","robots":{"index":"noindex","follow":"follow","max-snippet":"max-snippet:-1","max-image-preview":"max-image-preview:large","max-video-preview":"max-video-preview:-1"},"og_locale":"fr_FR","og_type":"article","og_title":"Installation","og_description":"Le d\u00e9m\u00e9nagement ne se termine pas lorsque la derni\u00e8re caisse est d\u00e9ball\u00e9e.C\u2019est pourquoi les services d'installation de Sanelo vous aident \u00e0 faire d'une maison votre foyer","og_url":"https:\/\/staging.personal.santaferelo.com\/moving-services\/settling-in-after-moving\/","og_site_name":"Santa Fe Relocation","article_modified_time":"2024-11-19T17:21:51+00:00","twitter_card":"summary_large_image","twitter_misc":{"Dur\u00e9e de lecture estim\u00e9e":"2 minutes"},"schema":{"@context":"https:\/\/schema.org","@graph":[{"@type":"WebPage","@id":"https:\/\/staging.personal.santaferelo.com\/moving-services\/settling-in-after-moving\/","url":"https:\/\/staging.personal.santaferelo.com\/moving-services\/settling-in-after-moving\/","name":"Installation | Santa Fe Relocation","isPartOf":{"@id":"https:\/\/staging.personal.santaferelo.com\/#website"},"datePublished":"2023-06-14T08:08:57+00:00","dateModified":"2024-11-19T17:21:51+00:00","description":"Le d\u00e9m\u00e9nagement ne se termine pas lorsque la derni\u00e8re caisse est d\u00e9ball\u00e9e.C\u2019est pourquoi les services d'installation de Sanelo vous aident \u00e0 faire d'une maison votre foyer","breadcrumb":{"@id":"https:\/\/staging.personal.santaferelo.com\/moving-services\/settling-in-after-moving\/#breadcrumb"},"inLanguage":"fr-FR","potentialAction":[{"@type":"ReadAction","target":["https:\/\/staging.personal.santaferelo.com\/moving-services\/settling-in-after-moving\/"]}]},{"@type":"BreadcrumbList","@id":"https:\/\/staging.personal.santaferelo.com\/moving-services\/settling-in-after-moving\/#breadcrumb","itemListElement":[{"@type":"ListItem","position":1,"name":"Home","item":"https:\/\/staging.personal.santaferelo.com\/"},{"@type":"ListItem","position":2,"name":"Services de d\u00e9m\u00e9nagement","item":"https:\/\/staging.personal.santaferelo.com\/fr\/services-de-demenagement\/"},{"@type":"ListItem","position":3,"name":"Installation"}]},{"@type":"WebSite","@id":"https:\/\/staging.personal.santaferelo.com\/#website","url":"https:\/\/staging.personal.santaferelo.com\/","name":"Santa Fe Relocation","description":"International and Local Moving","publisher":{"@id":"https:\/\/staging.personal.santaferelo.com\/#organization"},"potentialAction":[{"@type":"SearchAction","target":{"@type":"EntryPoint","urlTemplate":"https:\/\/staging.personal.santaferelo.com\/?s={search_term_string}"},"query-input":{"@type":"PropertyValueSpecification","valueRequired":true,"valueName":"search_term_string"}}],"inLanguage":"fr-FR"},{"@type":"Organization","@id":"https:\/\/staging.personal.santaferelo.com\/#organization","name":"Santa Fe Relocation","url":"https:\/\/staging.personal.santaferelo.com\/","logo":{"@type":"ImageObject","inLanguage":"fr-FR","@id":"https:\/\/staging.personal.santaferelo.com\/#\/schema\/logo\/image\/","url":"https:\/\/staging.personal.santaferelo.com\/wp-content\/uploads\/2023\/05\/santalogo.svg?wsr","contentUrl":"https:\/\/staging.personal.santaferelo.com\/wp-content\/uploads\/2023\/05\/santalogo.svg?wsr","width":493,"height":289,"caption":"Santa Fe Relocation"},"image":{"@id":"https:\/\/staging.personal.santaferelo.com\/#\/schema\/logo\/image\/"}}]}},"_links":{"self":[{"href":"https:\/\/staging.personal.santaferelo.com\/fr\/wp-json\/wp\/v2\/pages\/7363","targetHints":{"allow":["GET"]}}],"collection":[{"href":"https:\/\/staging.personal.santaferelo.com\/fr\/wp-json\/wp\/v2\/pages"}],"about":[{"href":"https:\/\/staging.personal.santaferelo.com\/fr\/wp-json\/wp\/v2\/types\/page"}],"author":[{"embeddable":true,"href":"https:\/\/staging.personal.santaferelo.com\/fr\/wp-json\/wp\/v2\/users\/9"}],"replies":[{"embeddable":true,"href":"https:\/\/staging.personal.santaferelo.com\/fr\/wp-json\/wp\/v2\/comments?post=7363"}],"version-history":[{"count":6,"href":"https:\/\/staging.personal.santaferelo.com\/fr\/wp-json\/wp\/v2\/pages\/7363\/revisions"}],"predecessor-version":[{"id":14032,"href":"https:\/\/staging.personal.santaferelo.com\/fr\/wp-json\/wp\/v2\/pages\/7363\/revisions\/14032"}],"up":[{"embeddable":true,"href":"https:\/\/staging.personal.santaferelo.com\/fr\/wp-json\/wp\/v2\/pages\/7354"}],"wp:attachment":[{"href":"https:\/\/staging.personal.santaferelo.com\/fr\/wp-json\/wp\/v2\/media?parent=7363"}],"curies":[{"name":"wp","href":"https:\/\/api.w.org\/{rel}","templated":true}]}}