{"id":7371,"date":"2023-05-05T08:14:36","date_gmt":"2023-05-05T08:14:36","guid":{"rendered":"https:\/\/staging.personal.santaferelo.com\/rejoignez-notre-equipe\/"},"modified":"2024-08-28T12:45:13","modified_gmt":"2024-08-28T12:45:13","slug":"rejoignez-notre-equipe","status":"publish","type":"page","link":"https:\/\/staging.personal.santaferelo.com\/fr\/rejoignez-notre-equipe\/","title":{"rendered":"Rejoignez notre \u00e9quipe"},"content":{"rendered":"\t\t<div data-elementor-type=\"wp-page\" data-elementor-id=\"7371\" class=\"elementor elementor-7371 elementor-82\" data-elementor-post-type=\"page\">\n\t\t\t\t<div class=\"elementor-element elementor-element-597d538 e-con-full e-flex e-con e-parent\" data-id=\"597d538\" data-element_type=\"container\" data-settings=\"{&quot;background_background&quot;:&quot;classic&quot;}\">\n\t\t<div class=\"elementor-element elementor-element-759d852 e-flex e-con-boxed e-con e-child\" data-id=\"759d852\" data-element_type=\"container\">\n\t\t\t\t\t<div class=\"e-con-inner\">\n\t\t<div class=\"elementor-element elementor-element-030f845 e-con-full e-flex e-con e-child\" data-id=\"030f845\" data-element_type=\"container\">\n\t\t\t\t<div class=\"elementor-element elementor-element-afbc5db elementor-widget elementor-widget-heading\" data-id=\"afbc5db\" data-element_type=\"widget\" data-widget_type=\"heading.default\">\n\t\t\t\t<div class=\"elementor-widget-container\">\n\t\t\t<h1 class=\"elementor-heading-title elementor-size-default\">Rejoignez notre \u00e9quipe<\/h1>\t\t<\/div>\n\t\t\t\t<\/div>\n\t\t\t\t<div class=\"elementor-element elementor-element-c57540d elementor-widget__width-initial elementor-widget-mobile__width-initial elementor-widget elementor-widget-text-editor\" data-id=\"c57540d\" data-element_type=\"widget\" data-widget_type=\"text-editor.default\">\n\t\t\t\t<div class=\"elementor-widget-container\">\n\t\t\t\t\t\t\t<p>Nous cherchons des talents tels que vous pour se joindre \u00e0 notre mission, rendre les d\u00e9m\u00e9nagements plus simples et plus agr\u00e9ables.<\/p>\n\t\t\t\t\t\t<\/div>\n\t\t\t\t<\/div>\n\t\t\t\t<\/div>\n\t\t<div class=\"elementor-element elementor-element-9e2da5e e-con-full e-flex e-con e-child\" data-id=\"9e2da5e\" data-element_type=\"container\" data-settings=\"{&quot;background_background&quot;:&quot;classic&quot;}\">\n\t\t\t\t<\/div>\n\t\t\t\t\t<\/div>\n\t\t\t\t<\/div>\n\t\t\t\t<\/div>\n\t\t<div class=\"elementor-element elementor-element-43e843a e-con-full e-flex e-con e-parent\" data-id=\"43e843a\" data-element_type=\"container\" data-settings=\"{&quot;background_background&quot;:&quot;classic&quot;}\">\n\t\t<div class=\"elementor-element elementor-element-6000a63 e-flex e-con-boxed e-con e-child\" data-id=\"6000a63\" data-element_type=\"container\">\n\t\t\t\t\t<div class=\"e-con-inner\">\n\t\t<div class=\"elementor-element elementor-element-4f34d2d e-con-full e-flex e-con e-child\" data-id=\"4f34d2d\" data-element_type=\"container\">\n\t\t\t\t<div class=\"elementor-element elementor-element-43e5405 elementor-widget elementor-widget-text-editor\" data-id=\"43e5405\" data-element_type=\"widget\" data-widget_type=\"text-editor.default\">\n\t\t\t\t<div class=\"elementor-widget-container\">\n\t\t\t\t\t\t\t<p>TRAVAILLER CHEZ Santa Fe<\/p>\n\t\t\t\t\t\t<\/div>\n\t\t\t\t<\/div>\n\t\t\t\t<div class=\"elementor-element elementor-element-2542c81 elementor-widget elementor-widget-heading\" data-id=\"2542c81\" data-element_type=\"widget\" data-widget_type=\"heading.default\">\n\t\t\t\t<div class=\"elementor-widget-container\">\n\t\t\t<h3 class=\"elementor-heading-title elementor-size-default\">Faire partie du mouvement<\/h3>\t\t<\/div>\n\t\t\t\t<\/div>\n\t\t\t\t<div class=\"elementor-element elementor-element-0f27dbc elementor-widget__width-initial elementor-widget-mobile__width-initial elementor-widget elementor-widget-text-editor\" data-id=\"0f27dbc\" data-element_type=\"widget\" data-widget_type=\"text-editor.default\">\n\t\t\t\t<div class=\"elementor-widget-container\">\n\t\t\t\t\t\t\t<p>Vous envisagez une carri\u00e8re qui vous permette de d\u00e9couvrir de nouveaux lieux et cultures\u00a0? Vous voulez int\u00e9grer une \u00e9quipe qui aide les personnes et les familles \u00e0 mieux appr\u00e9hender le processus complexe d\u2019un d\u00e9m\u00e9nagement dans un autre pays\u00a0? Vous jouerez un r\u00f4le essentiel en aidant nos clients \u00e0 organiser leur d\u00e9m\u00e9nagement et \u00e0 s\u2019installer dans leur nouveau domicile.<\/p>\n<p>Chez Santa Fe, nous valorisons nos employ\u00e9s et investissons dans leur d\u00e9veloppement. Nous proposons un programme de formation complet pour vous aider \u00e0 mieux comprendre les complexit\u00e9s d\u2019un d\u00e9m\u00e9nagement international, et fournissons une aide et un support continus pour vous aider \u00e0 remplir au mieux votre r\u00f4le.<\/p>\n<p>Nous proposons \u00e9galement des salaires et avantages comp\u00e9titifs, notamment en mati\u00e8re d\u2019assurance sant\u00e9, de r\u00e9gime de retraite et de cong\u00e9s pay\u00e9s. Si vous visez une carri\u00e8re enrichissante qui vous permette de faire la diff\u00e9rence dans la vie des gens tout en d\u00e9couvrant de nouveaux lieux et cultures, vous \u00eates au bon endroit.<\/p>\n\t\t\t\t\t\t<\/div>\n\t\t\t\t<\/div>\n\t\t\t\t<\/div>\n\t\t<div class=\"elementor-element elementor-element-0e6da8f e-con-full e-flex e-con e-child\" data-id=\"0e6da8f\" data-element_type=\"container\" data-settings=\"{&quot;background_background&quot;:&quot;classic&quot;}\">\n\t\t\t\t<\/div>\n\t\t\t\t\t<\/div>\n\t\t\t\t<\/div>\n\t\t\t\t<\/div>\n\t\t<div class=\"elementor-element elementor-element-644ddae e-con-full e-flex e-con e-parent\" data-id=\"644ddae\" data-element_type=\"container\" data-settings=\"{&quot;background_background&quot;:&quot;classic&quot;}\">\n\t\t<div class=\"elementor-element elementor-element-d638d84 e-flex e-con-boxed e-con e-child\" data-id=\"d638d84\" data-element_type=\"container\">\n\t\t\t\t\t<div class=\"e-con-inner\">\n\t\t<div class=\"elementor-element elementor-element-457e9de e-con-full e-flex e-con e-child\" data-id=\"457e9de\" data-element_type=\"container\">\n\t\t\t\t<div class=\"elementor-element elementor-element-3c5fab5 elementor-widget elementor-widget-text-editor\" data-id=\"3c5fab5\" data-element_type=\"widget\" data-widget_type=\"text-editor.default\">\n\t\t\t\t<div class=\"elementor-widget-container\">\n\t\t\t\t\t\t\t<p>NOTRE CULTURE<\/p>\n\t\t\t\t\t\t<\/div>\n\t\t\t\t<\/div>\n\t\t\t\t<div class=\"elementor-element elementor-element-9e0200f elementor-widget elementor-widget-heading\" data-id=\"9e0200f\" data-element_type=\"widget\" data-widget_type=\"heading.default\">\n\t\t\t\t<div class=\"elementor-widget-container\">\n\t\t\t<h3 class=\"elementor-heading-title elementor-size-default\">Diversit\u00e9 et inclusion<\/h3>\t\t<\/div>\n\t\t\t\t<\/div>\n\t\t\t\t<div class=\"elementor-element elementor-element-0d53a0c elementor-widget__width-initial elementor-widget-mobile__width-initial elementor-widget elementor-widget-text-editor\" data-id=\"0d53a0c\" data-element_type=\"widget\" data-widget_type=\"text-editor.default\">\n\t\t\t\t<div class=\"elementor-widget-container\">\n\t\t\t\t\t\t\t<p>Au sein de nos 64 bureaux r\u00e9partis dans 38\u00a0pays, nous nous effor\u00e7ons de cr\u00e9er des lieux de travail divers et inclusifs o\u00f9 chacun se sente en mesure de d\u00e9velopper pleinement son potentiel, chez Santa Fe.<\/p>\n\t\t\t\t\t\t<\/div>\n\t\t\t\t<\/div>\n\t\t\t\t<div class=\"elementor-element elementor-element-1eddff6 elementor-widget__width-initial elementor-widget elementor-widget-text-editor\" data-id=\"1eddff6\" data-element_type=\"widget\" data-widget_type=\"text-editor.default\">\n\t\t\t\t<div class=\"elementor-widget-container\">\n\t\t\t\t\t\t\t<p>Tout comme son groupe parent, Santa Fe Relocation, Santa Fe pratique la tol\u00e9rance z\u00e9ro concernant la discrimination et s\u2019engage \u00e0 offrir les m\u00eames opportunit\u00e9s \u00e0 ses employ\u00e9s actuels et futurs, ind\u00e9pendamment de leur \u00e2ge, handicap, genre, orientation sexuelle, d\u2019une \u00e9ventuelle grossesse ou maternit\u00e9, de leur race ou ethnie, de leur religion ou leurs croyances, de leur identit\u00e9 de genre ou de leur statut marital ou union civile.<\/p>\n<p>Nous pensons qu\u2019un lieu de travail inclusif o\u00f9 des personnes d\u2019horizons diff\u00e9rents travaillent ensemble est une garantie de meilleurs r\u00e9sultats pour tout le personnel. Nous aspirons \u00e0 avoir des effectifs divers, car selon nous la diversit\u00e9 est source de meilleurs r\u00e9sultats pour notre activit\u00e9.<\/p>\n<p>Nous prendrons des mesures positives pour nous assurer que nos employ\u00e9s, parties prenantes, fournisseurs et clients puisse b\u00e9n\u00e9ficier avec nous d\u2019une exp\u00e9rience juste, \u00e9quitable et sans discrimination. Notre Personnel est le c\u0153ur de notre activit\u00e9 : conform\u00e9ment aux Valeurs Santa Fe, nous appr\u00e9cions nos employ\u00e9s, notre personnel et la diversit\u00e9 qu\u2019ils apportent \u00e0 l\u2019entreprise.<\/p>\n\t\t\t\t\t\t<\/div>\n\t\t\t\t<\/div>\n\t\t\t\t<\/div>\n\t\t<div class=\"elementor-element elementor-element-5cedf3c e-con-full e-flex e-con e-child\" data-id=\"5cedf3c\" data-element_type=\"container\" data-settings=\"{&quot;background_background&quot;:&quot;classic&quot;}\">\n\t\t\t\t<\/div>\n\t\t\t\t\t<\/div>\n\t\t\t\t<\/div>\n\t\t\t\t<\/div>\n\t\t<div class=\"elementor-element elementor-element-943e5d2 e-flex e-con-boxed e-con e-parent\" data-id=\"943e5d2\" data-element_type=\"container\">\n\t\t\t\t\t<div class=\"e-con-inner\">\n\t\t<div class=\"elementor-element elementor-element-25f2b64 e-flex e-con-boxed e-con e-child\" data-id=\"25f2b64\" data-element_type=\"container\">\n\t\t\t\t\t<div class=\"e-con-inner\">\n\t\t\t\t<div class=\"elementor-element elementor-element-ee38abb elementor-widget elementor-widget-heading\" data-id=\"ee38abb\" data-element_type=\"widget\" data-widget_type=\"heading.default\">\n\t\t\t\t<div class=\"elementor-widget-container\">\n\t\t\t<h2 class=\"elementor-heading-title elementor-size-default\">OFFRES D\u2019EMPLOI<\/h2>\t\t<\/div>\n\t\t\t\t<\/div>\n\t\t\t\t<div class=\"elementor-element elementor-element-4f10d65 elementor-widget elementor-widget-heading\" data-id=\"4f10d65\" data-element_type=\"widget\" data-widget_type=\"heading.default\">\n\t\t\t\t<div class=\"elementor-widget-container\">\n\t\t\t<h2 class=\"elementor-heading-title elementor-size-default\">Rejoignez notre \u00e9quipe<\/h2>\t\t<\/div>\n\t\t\t\t<\/div>\n\t\t\t\t<div class=\"elementor-element elementor-element-e574206 elementor-widget elementor-widget-html\" data-id=\"e574206\" data-element_type=\"widget\" data-widget_type=\"html.default\">\n\t\t\t\t<div class=\"elementor-widget-container\">\n\t\t\t<link rel=\"stylesheet\" href=\"https:\/\/static.zohocdn.com\/recruit\/embed_careers_site\/css\/v1.1\/embed_jobs.css\" type=\"text\/css\">\r\n<div class=\"embed_jobs_head embed_jobs_with_style_3\">\r\n\t<div class=\"embed_jobs_head2\">\r\n\t\t<div class=\"embed_jobs_head3\">\r\n\t\t\t<div id=\"rec_job_listing_div\"> <\/div>\r\n\t\t\t<script type=\"text\/javascript\" src=\"https:\/\/static.zohocdn.com\/recruit\/embed_careers_site\/javascript\/v1.1\/embed_jobs.js\"><\/script>\r\n\t\t\t<script type=\"text\/javascript\">\r\n\t\t\trec_embed_js.load({\r\n\t\t\t\twidget_id:\"rec_job_listing_div\",\r\n\t\t\t\tpage_name:\"Careers\",\r\n\t\t\t\tsource:\"CareerSite\",\r\n\t\t\t\tsite:\"https:\/\/sanelo.zohorecruit.eu\",\r\n\t\t\t\tbrand_color:\"#6875E2\",\r\n\t\t\t\tempty_job_msg:\"No current Openings\"\r\n\t\t\t});\r\n\t\t\t<\/script>\r\n\t\t<\/div>\r\n\t<\/div>\r\n<\/div>\r\n\t\t<\/div>\n\t\t\t\t<\/div>\n\t\t\t\t\t<\/div>\n\t\t\t\t<\/div>\n\t\t\t\t\t<\/div>\n\t\t\t\t<\/div>\n\t\t<div class=\"elementor-element elementor-element-1e07ba3 e-flex e-con-boxed e-con e-parent\" data-id=\"1e07ba3\" data-element_type=\"container\" data-settings=\"{&quot;background_background&quot;:&quot;classic&quot;}\">\n\t\t\t\t\t<div class=\"e-con-inner\">\n\t\t<div class=\"elementor-element elementor-element-1555a61 e-flex e-con-boxed e-con e-child\" data-id=\"1555a61\" data-element_type=\"container\">\n\t\t\t\t\t<div class=\"e-con-inner\">\n\t\t\t\t<div class=\"elementor-element elementor-element-d179cbb elementor-widget elementor-widget-heading\" data-id=\"d179cbb\" data-element_type=\"widget\" data-widget_type=\"heading.default\">\n\t\t\t\t<div class=\"elementor-widget-container\">\n\t\t\t<h6 class=\"elementor-heading-title elementor-size-default\">Vous voulez en savoir plus\u00a0?<\/h6>\t\t<\/div>\n\t\t\t\t<\/div>\n\t\t\t\t<div class=\"elementor-element elementor-element-9bb876b elementor-widget__width-initial elementor-widget elementor-widget-text-editor\" data-id=\"9bb876b\" data-element_type=\"widget\" data-widget_type=\"text-editor.default\">\n\t\t\t\t<div class=\"elementor-widget-container\">\n\t\t\t\t\t\t\t<p>Envoyez un message \u00e0 notre \u00e9quipe de recrutement en utilisant le lien ci-dessous.<\/p>\n\t\t\t\t\t\t<\/div>\n\t\t\t\t<\/div>\n\t\t\t\t<div class=\"elementor-element elementor-element-2fedaec elementor-widget elementor-widget-button\" data-id=\"2fedaec\" data-element_type=\"widget\" data-widget_type=\"button.default\">\n\t\t\t\t<div class=\"elementor-widget-container\">\n\t\t\t\t\t\t\t<div class=\"elementor-button-wrapper\">\n\t\t\t\t\t<a class=\"elementor-button elementor-button-link elementor-size-sm\" href=\"#\">\n\t\t\t\t\t\t<span class=\"elementor-button-content-wrapper\">\n\t\t\t\t\t\t\t\t\t<span class=\"elementor-button-text\">Envoyez-nous un e-mail<\/span>\n\t\t\t\t\t<\/span>\n\t\t\t\t\t<\/a>\n\t\t\t\t<\/div>\n\t\t\t\t\t\t<\/div>\n\t\t\t\t<\/div>\n\t\t\t\t\t<\/div>\n\t\t\t\t<\/div>\n\t\t\t\t\t<\/div>\n\t\t\t\t<\/div>\n\t\t\t\t<\/div>\n\t\t","protected":false},"excerpt":{"rendered":"<p>Rejoignez notre \u00e9quipe Nous cherchons des talents tels que vous pour se joindre \u00e0 notre mission, rendre les d\u00e9m\u00e9nagements plus simples et plus agr\u00e9ables. TRAVAILLER CHEZ SANELO Faire partie du mouvement Vous envisagez une carri\u00e8re qui vous permette de d\u00e9couvrir de nouveaux lieux et cultures\u00a0? Vous voulez int\u00e9grer une \u00e9quipe qui aide les personnes et [&hellip;]<\/p>\n","protected":false},"author":9,"featured_media":0,"parent":0,"menu_order":0,"comment_status":"closed","ping_status":"closed","template":"","meta":{"_acf_changed":false,"footnotes":""},"class_list":["post-7371","page","type-page","status-publish","hentry"],"acf":[],"yoast_head":"<!-- This site is optimized with the Yoast SEO Premium plugin v22.8 (Yoast SEO v23.7) - https:\/\/yoast.com\/wordpress\/plugins\/seo\/ -->\n<title>Rejoignez notre \u00e9quipe - Santa Fe Relocation<\/title>\n<meta name=\"robots\" content=\"noindex, follow, max-snippet:-1, max-image-preview:large, max-video-preview:-1\" \/>\n<meta property=\"og:locale\" content=\"fr_FR\" \/>\n<meta property=\"og:type\" content=\"article\" \/>\n<meta property=\"og:title\" content=\"Rejoignez notre \u00e9quipe\" \/>\n<meta property=\"og:description\" content=\"Rejoignez notre \u00e9quipe Nous cherchons des talents tels que vous pour se joindre \u00e0 notre mission, rendre les d\u00e9m\u00e9nagements plus simples et plus agr\u00e9ables. TRAVAILLER CHEZ SANELO Faire partie du mouvement Vous envisagez une carri\u00e8re qui vous permette de d\u00e9couvrir de nouveaux lieux et cultures\u00a0? Vous voulez int\u00e9grer une \u00e9quipe qui aide les personnes et [&hellip;]\" \/>\n<meta property=\"og:url\" content=\"https:\/\/staging.personal.santaferelo.com\/join-the-team\/\" \/>\n<meta property=\"og:site_name\" content=\"Santa Fe Relocation\" \/>\n<meta property=\"article:modified_time\" content=\"2024-08-28T12:45:13+00:00\" \/>\n<meta name=\"twitter:card\" content=\"summary_large_image\" \/>\n<meta name=\"twitter:label1\" content=\"Dur\u00e9e de lecture estim\u00e9e\" \/>\n\t<meta name=\"twitter:data1\" content=\"9 minutes\" \/>\n<script type=\"application\/ld+json\" class=\"yoast-schema-graph\">{\"@context\":\"https:\/\/schema.org\",\"@graph\":[{\"@type\":\"WebPage\",\"@id\":\"https:\/\/staging.personal.santaferelo.com\/join-the-team\/\",\"url\":\"https:\/\/staging.personal.santaferelo.com\/join-the-team\/\",\"name\":\"Rejoignez notre \u00e9quipe - Santa Fe Relocation\",\"isPartOf\":{\"@id\":\"https:\/\/staging.personal.santaferelo.com\/#website\"},\"datePublished\":\"2023-05-05T08:14:36+00:00\",\"dateModified\":\"2024-08-28T12:45:13+00:00\",\"breadcrumb\":{\"@id\":\"https:\/\/staging.personal.santaferelo.com\/join-the-team\/#breadcrumb\"},\"inLanguage\":\"fr-FR\",\"potentialAction\":[{\"@type\":\"ReadAction\",\"target\":[\"https:\/\/staging.personal.santaferelo.com\/join-the-team\/\"]}]},{\"@type\":\"BreadcrumbList\",\"@id\":\"https:\/\/staging.personal.santaferelo.com\/join-the-team\/#breadcrumb\",\"itemListElement\":[{\"@type\":\"ListItem\",\"position\":1,\"name\":\"Home\",\"item\":\"https:\/\/staging.personal.santaferelo.com\/\"},{\"@type\":\"ListItem\",\"position\":2,\"name\":\"Rejoignez notre \u00e9quipe\"}]},{\"@type\":\"WebSite\",\"@id\":\"https:\/\/staging.personal.santaferelo.com\/#website\",\"url\":\"https:\/\/staging.personal.santaferelo.com\/\",\"name\":\"Santa Fe Relocation\",\"description\":\"International and Local Moving\",\"publisher\":{\"@id\":\"https:\/\/staging.personal.santaferelo.com\/#organization\"},\"potentialAction\":[{\"@type\":\"SearchAction\",\"target\":{\"@type\":\"EntryPoint\",\"urlTemplate\":\"https:\/\/staging.personal.santaferelo.com\/?s={search_term_string}\"},\"query-input\":{\"@type\":\"PropertyValueSpecification\",\"valueRequired\":true,\"valueName\":\"search_term_string\"}}],\"inLanguage\":\"fr-FR\"},{\"@type\":\"Organization\",\"@id\":\"https:\/\/staging.personal.santaferelo.com\/#organization\",\"name\":\"Santa Fe Relocation\",\"url\":\"https:\/\/staging.personal.santaferelo.com\/\",\"logo\":{\"@type\":\"ImageObject\",\"inLanguage\":\"fr-FR\",\"@id\":\"https:\/\/staging.personal.santaferelo.com\/#\/schema\/logo\/image\/\",\"url\":\"https:\/\/staging.personal.santaferelo.com\/wp-content\/uploads\/2023\/05\/santalogo.svg?wsr\",\"contentUrl\":\"https:\/\/staging.personal.santaferelo.com\/wp-content\/uploads\/2023\/05\/santalogo.svg?wsr\",\"width\":493,\"height\":289,\"caption\":\"Santa Fe Relocation\"},\"image\":{\"@id\":\"https:\/\/staging.personal.santaferelo.com\/#\/schema\/logo\/image\/\"}}]}<\/script>\n<!-- \/ Yoast SEO Premium plugin. -->","yoast_head_json":{"title":"Rejoignez notre \u00e9quipe - Santa Fe Relocation","robots":{"index":"noindex","follow":"follow","max-snippet":"max-snippet:-1","max-image-preview":"max-image-preview:large","max-video-preview":"max-video-preview:-1"},"og_locale":"fr_FR","og_type":"article","og_title":"Rejoignez notre \u00e9quipe","og_description":"Rejoignez notre \u00e9quipe Nous cherchons des talents tels que vous pour se joindre \u00e0 notre mission, rendre les d\u00e9m\u00e9nagements plus simples et plus agr\u00e9ables. TRAVAILLER CHEZ SANELO Faire partie du mouvement Vous envisagez une carri\u00e8re qui vous permette de d\u00e9couvrir de nouveaux lieux et cultures\u00a0? Vous voulez int\u00e9grer une \u00e9quipe qui aide les personnes et [&hellip;]","og_url":"https:\/\/staging.personal.santaferelo.com\/join-the-team\/","og_site_name":"Santa Fe Relocation","article_modified_time":"2024-08-28T12:45:13+00:00","twitter_card":"summary_large_image","twitter_misc":{"Dur\u00e9e de lecture estim\u00e9e":"9 minutes"},"schema":{"@context":"https:\/\/schema.org","@graph":[{"@type":"WebPage","@id":"https:\/\/staging.personal.santaferelo.com\/join-the-team\/","url":"https:\/\/staging.personal.santaferelo.com\/join-the-team\/","name":"Rejoignez notre \u00e9quipe - Santa Fe Relocation","isPartOf":{"@id":"https:\/\/staging.personal.santaferelo.com\/#website"},"datePublished":"2023-05-05T08:14:36+00:00","dateModified":"2024-08-28T12:45:13+00:00","breadcrumb":{"@id":"https:\/\/staging.personal.santaferelo.com\/join-the-team\/#breadcrumb"},"inLanguage":"fr-FR","potentialAction":[{"@type":"ReadAction","target":["https:\/\/staging.personal.santaferelo.com\/join-the-team\/"]}]},{"@type":"BreadcrumbList","@id":"https:\/\/staging.personal.santaferelo.com\/join-the-team\/#breadcrumb","itemListElement":[{"@type":"ListItem","position":1,"name":"Home","item":"https:\/\/staging.personal.santaferelo.com\/"},{"@type":"ListItem","position":2,"name":"Rejoignez notre \u00e9quipe"}]},{"@type":"WebSite","@id":"https:\/\/staging.personal.santaferelo.com\/#website","url":"https:\/\/staging.personal.santaferelo.com\/","name":"Santa Fe Relocation","description":"International and Local Moving","publisher":{"@id":"https:\/\/staging.personal.santaferelo.com\/#organization"},"potentialAction":[{"@type":"SearchAction","target":{"@type":"EntryPoint","urlTemplate":"https:\/\/staging.personal.santaferelo.com\/?s={search_term_string}"},"query-input":{"@type":"PropertyValueSpecification","valueRequired":true,"valueName":"search_term_string"}}],"inLanguage":"fr-FR"},{"@type":"Organization","@id":"https:\/\/staging.personal.santaferelo.com\/#organization","name":"Santa Fe Relocation","url":"https:\/\/staging.personal.santaferelo.com\/","logo":{"@type":"ImageObject","inLanguage":"fr-FR","@id":"https:\/\/staging.personal.santaferelo.com\/#\/schema\/logo\/image\/","url":"https:\/\/staging.personal.santaferelo.com\/wp-content\/uploads\/2023\/05\/santalogo.svg?wsr","contentUrl":"https:\/\/staging.personal.santaferelo.com\/wp-content\/uploads\/2023\/05\/santalogo.svg?wsr","width":493,"height":289,"caption":"Santa Fe Relocation"},"image":{"@id":"https:\/\/staging.personal.santaferelo.com\/#\/schema\/logo\/image\/"}}]}},"_links":{"self":[{"href":"https:\/\/staging.personal.santaferelo.com\/fr\/wp-json\/wp\/v2\/pages\/7371","targetHints":{"allow":["GET"]}}],"collection":[{"href":"https:\/\/staging.personal.santaferelo.com\/fr\/wp-json\/wp\/v2\/pages"}],"about":[{"href":"https:\/\/staging.personal.santaferelo.com\/fr\/wp-json\/wp\/v2\/types\/page"}],"author":[{"embeddable":true,"href":"https:\/\/staging.personal.santaferelo.com\/fr\/wp-json\/wp\/v2\/users\/9"}],"replies":[{"embeddable":true,"href":"https:\/\/staging.personal.santaferelo.com\/fr\/wp-json\/wp\/v2\/comments?post=7371"}],"version-history":[{"count":3,"href":"https:\/\/staging.personal.santaferelo.com\/fr\/wp-json\/wp\/v2\/pages\/7371\/revisions"}],"predecessor-version":[{"id":9641,"href":"https:\/\/staging.personal.santaferelo.com\/fr\/wp-json\/wp\/v2\/pages\/7371\/revisions\/9641"}],"wp:attachment":[{"href":"https:\/\/staging.personal.santaferelo.com\/fr\/wp-json\/wp\/v2\/media?parent=7371"}],"curies":[{"name":"wp","href":"https:\/\/api.w.org\/{rel}","templated":true}]}}